{"id":685,"date":"2018-03-06T15:10:24","date_gmt":"2018-03-06T08:10:24","guid":{"rendered":"https:\/\/bizhostvn.com\/w\/docu\/?post_type=product&#038;p=685"},"modified":"2018-07-11T15:04:32","modified_gmt":"2018-07-11T08:04:32","slug":"ban-nhan-vien-chan-sat-thanh-ly-gia-re-bnv334","status":"publish","type":"product","link":"https:\/\/demo.tamnguyen.vn\/docu\/san-pham\/ban-nhan-vien-chan-sat-thanh-ly-gia-re-bnv334\/","title":{"rendered":"B\u00e0n nh\u00e2n vi\u00ean ch\u00e2n s\u1eaft thanh l\u00fd gi\u00e1 r\u1ebb BNV334"},"content":{"rendered":"<p><strong>\u201cDo s\u1ed1 l\u01b0\u1ee3ng v\u00e0 ch\u1ee7ng lo\u1ea1i c\u00e1c m\u1eb7t h\u00e0ng thanh l\u00fd c\u1ee7a Ba Huy qu\u00e1 nhi\u1ec1u, h\u00ecnh \u1ea3nh tr\u00ean website kh\u00f4ng th\u1ec3 update h\u1ebft. Qu\u00fd kh\u00e1ch c\u00f3 th\u1ec3 tr\u1ef1c ti\u1ebfp qua kho \u0111\u1ec3 xem h\u00e0ng, ho\u1eb7c li\u00ean h\u1ec7\u00a00963 651 800\u00a0ho\u1eb7c\u00a0<a href=\"https:\/\/www.facebook.com\/thanhlynoithat\/\">fanpageBahuy<\/a>\u201c<\/strong><\/p>\n<p>B\u00e0n m\u1edbi: 95%<\/p>\n<p>\u0110\u1eb7c \u0111i\u1ec3m:<\/p>\n<ul>\n<li>B\u00e0n \u0111\u01b0\u1ee3c thi\u1ebft k\u1ebf t\u1eeb g\u1ed7 Melamine<\/li>\n<li>M\u1eb7t b\u00e0n \u0111\u1eb9p kh\u00f4ng tr\u1ea7y x\u01b0\u1edbc, l\u1edbp s\u01a1n \u0111\u1eb9p, m\u1eb7t b\u00e0n m\u00e0u kem trang nh\u00e3. Ch\u00e2n s\u1eaft \u0111\u01b0\u1ee3c s\u01a1n t\u0129nh \u0111i\u1ec7n, m\u00e0u \u0111en.<\/li>\n<li>M\u1eb7t tr\u01b0\u1edbc \u0111\u01b0\u1ee3c ch\u1eafn k\u00edn ph\u00eda d\u01b0\u1edbi n\u00ean t\u1ea1o c\u1ea3m gi\u00e1c tho\u1ea3i m\u00e1i cho ng\u01b0\u1eddi s\u1eed d\u1ee5ng.<\/li>\n<\/ul>\n<p>B\u00e0n ch\u00e2n s\u1eaft thi\u1ebft k\u1ebf ch\u1eafc ch\u1eafn, sang tr\u1ecdng, ph\u00f9 h\u1ee3p v\u1edbi kh\u00f4ng gian v\u0103n ph\u00f2ng hi\u1ec7n \u0111\u1ea1i ng\u00e0y nay.<\/p>\n<p><img loading=\"lazy\" decoding=\"async\" class=\"aligncenter size-full wp-image-4090\" src=\"https:\/\/bahuy.com\/wp-content\/uploads\/2016\/12\/%E1%BA%A2NH-24.5A.jpg\" sizes=\"auto, (max-width: 500px) 100vw, 500px\" srcset=\"https:\/\/bahuy.com\/wp-content\/uploads\/2016\/12\/\u1ea2NH-24.5A.jpg 500w, https:\/\/bahuy.com\/wp-content\/uploads\/2016\/12\/\u1ea2NH-24.5A-300x300.jpg 300w\" alt=\"\" width=\"500\" height=\"500\" \/><\/p>\n","protected":false},"excerpt":{"rendered":"<p>\u201cDo s\u1ed1 l\u01b0\u1ee3ng v\u00e0 ch\u1ee7ng lo\u1ea1i c\u00e1c m\u1eb7t h\u00e0ng thanh l\u00fd c\u1ee7a Ba Huy qu\u00e1 nhi\u1ec1u, h\u00ecnh \u1ea3nh tr\u00ean website kh\u00f4ng th\u1ec3 update h\u1ebft. Qu\u00fd kh\u00e1ch c\u00f3 th\u1ec3 tr\u1ef1c ti\u1ebfp qua kho \u0111\u1ec3 xem h\u00e0ng, ho\u1eb7c li\u00ean h\u1ec7\u00a00963 651 800\u00a0ho\u1eb7c\u00a0fanpageBahuy\u201c B\u00e0n m\u1edbi: 95% \u0110\u1eb7c \u0111i\u1ec3m: B\u00e0n \u0111\u01b0\u1ee3c thi\u1ebft k\u1ebf t\u1eeb g\u1ed7 Melamine M\u1eb7t b\u00e0n \u0111\u1eb9p [&#8230;]\n","protected":false},"featured_media":700,"comment_status":"open","ping_status":"closed","template":"","meta":[],"product_brand":[],"product_cat":[15,43],"product_tag":[],"class_list":{"0":"post-685","1":"product","2":"type-product","3":"status-publish","4":"has-post-thumbnail","6":"product_cat-ban-ghe-van-phong","7":"product_cat-ban-ghe-nhan-vien","9":"first","10":"instock","11":"sale","12":"shipping-taxable","13":"product-type-simple"},"_links":{"self":[{"href":"https:\/\/demo.tamnguyen.vn\/docu\/wp-json\/wp\/v2\/product\/685","targetHints":{"allow":["GET"]}}],"collection":[{"href":"https:\/\/demo.tamnguyen.vn\/docu\/wp-json\/wp\/v2\/product"}],"about":[{"href":"https:\/\/demo.tamnguyen.vn\/docu\/wp-json\/wp\/v2\/types\/product"}],"replies":[{"embeddable":true,"href":"https:\/\/demo.tamnguyen.vn\/docu\/wp-json\/wp\/v2\/comments?post=685"}],"wp:featuredmedia":[{"embeddable":true,"href":"https:\/\/demo.tamnguyen.vn\/docu\/wp-json\/wp\/v2\/media\/700"}],"wp:attachment":[{"href":"https:\/\/demo.tamnguyen.vn\/docu\/wp-json\/wp\/v2\/media?parent=685"}],"wp:term":[{"taxonomy":"product_brand","embeddable":true,"href":"https:\/\/demo.tamnguyen.vn\/docu\/wp-json\/wp\/v2\/product_brand?post=685"},{"taxonomy":"product_cat","embeddable":true,"href":"https:\/\/demo.tamnguyen.vn\/docu\/wp-json\/wp\/v2\/product_cat?post=685"},{"taxonomy":"product_tag","embeddable":true,"href":"https:\/\/demo.tamnguyen.vn\/docu\/wp-json\/wp\/v2\/product_tag?post=685"}],"curies":[{"name":"wp","href":"https:\/\/api.w.org\/{rel}","templated":true}]}}