{"id":211,"date":"2017-11-03T00:39:36","date_gmt":"2017-11-03T00:39:36","guid":{"rendered":"https:\/\/demo.tamnguyen.vn\/dulich\/?page_id=211"},"modified":"2019-05-07T22:53:12","modified_gmt":"2019-05-07T15:53:12","slug":"lien-he","status":"publish","type":"page","link":"https:\/\/demo.tamnguyen.vn\/dulich\/lien-he\/","title":{"rendered":"Li\u00ean h\u1ec7"},"content":{"rendered":"<div class=\"row\"  id=\"row-491170926\">\n\n\t<div id=\"col-358371761\" class=\"col medium-6 small-12 large-6\"  >\n\t\t<div class=\"col-inner\"  >\n\t\t\t\n\t\t\t\n<h3>C\u00f4ng ty Du L\u1ecbch Vi\u1ec7t Nam<\/h3>\n<p><strong>Tr\u1ee5 s\u1edf<\/strong><\/p>\n<p><i class=\"fa fa-map-marker\"><\/i>123 Nam K\u1ef3 Kh\u1edfi Ngh\u0129a, P7, Q3, TPHCM<\/p>\n<p><i class=\"fa fa-phone\"><\/i>08 3526 1234<\/p>\n<p><i class=\"fa fa-qrcode\"><\/i>\u00a0MST 0311216123<\/p>\n<p><i class=\"fa fa-envelope\"><\/i>vietnamtravel@gmail.com<\/p>\n<p><i class=\"fa fa-globe\"><\/i>vietnamtravel.vn<\/p>\n<p><i class=\"fa fa-facebook-square\"><\/i>facebook.com\/vietnamtravel<\/p>\n<p>\u2014\u2014\u2014\u2014\u2014\u2014\u2014\u2014\u2014\u2014\u2014\u2014\u2014\u2014\u2014\u2014\u2014<\/p>\n<p><strong>V\u0103n ph\u00f2ng t\u1ea1i Campuchia<\/strong><\/p>\n<p><i class=\"fa fa-map-marker\"><\/i>Add: #79D,789St, Chankarmon, Phnompenh, Cambodia.<\/p>\n<p><i class=\"fa fa-phone\"><\/i>Tel: (855) 023 215 123 &#8211; Fax: (855) 023 216123<\/p>\n<p>\u2014\u2014\u2014\u2014\u2014\u2014\u2014\u2014\u2014\u2014\u2014\u2014\u2014\u2014\u2014\u2014\u2014<\/p>\n<p><strong>V\u0103n ph\u00f2ng t\u1ea1i H\u00e0n Qu\u1ed1c<\/strong><\/p>\n<p><i class=\"fa fa-map-marker\"><\/i>Add: 3F Gyeonggi B\/D, 789 Samgak-dong, Jung-gu, Seoul, Korea<\/p>\n<p><i class=\"fa fa-phone\"><\/i>Tel: (82)1566-7732 &#8211; Fax: (82)2-838-5678<\/p>\n<p>\u2014\u2014\u2014\u2014\u2014\u2014\u2014\u2014\u2014\u2014\u2014\u2014\u2014\u2014\u2014\u2014\u2014<\/p>\n<p><strong>V\u0103n ph\u00f2ng t\u1ea1i Hoa K\u1ef3<\/strong><\/p>\n<p><i class=\"fa fa-map-marker\"><\/i>Add: # 853E.Valley Blvd, suite 567, San Gabriel, CA91776<\/p>\n<p><i class=\"fa fa-phone\"><\/i>Tel: (626) .2222836 &#8211; Fax: (626) 276558970<\/p>\n\t\t<\/div>\n\t\t\t<\/div>\n\n\t\n\n\t<div id=\"col-1385863778\" class=\"col medium-6 small-12 large-6\"  >\n\t\t<div class=\"col-inner\"  >\n\t\t\t\n\t\t\t\n<p>\u0110\u1ec3 \u0111\u00f3ng g\u00f3p \u00fd ki\u1ebfn v\u1ec1 ch\u1ea5t l\u01b0\u1ee3ng d\u1ecbch v\u1ee5, c\u0169ng nh\u01b0 c\u00f3 nh\u1eefng y\u00eau c\u1ea7u, th\u1eafc m\u1eafc c\u1ea7n \u0111\u01b0\u1ee3c gi\u1ea3i \u0111\u00e1p, xin vui l\u00f2ng \u0111i\u1ec1n v\u00e0o Form sau \u0111\u00e2y v\u00e0 g\u1eedi \u0111\u1ebfn Travel.<\/p>\n<p>Ngay sau khi nh\u1eadn \u0111\u01b0\u1ee3c th\u00f4ng tin, ch\u00fang t\u00f4i s\u1ebd ph\u1ea3n h\u1ed3i v\u1edbi b\u1ea1n trong th\u1eddi gian s\u1edbm nh\u1ea5t.<\/p>\n<p>Xin ch\u00e2n th\u00e0nh c\u1ea3m \u01a1n!<\/p>\n<div role=\"form\" class=\"wpcf7\" id=\"wpcf7-f5-o1\" lang=\"vi\" dir=\"ltr\">\n<div class=\"screen-reader-response\" role=\"alert\" aria-live=\"polite\"><\/div>\n<form action=\"\/dulich\/wp-json\/wp\/v2\/pages\/211#wpcf7-f5-o1\" method=\"post\" class=\"wpcf7-form init\" novalidate=\"novalidate\">\n<div style=\"display: none;\">\n<input type=\"hidden\" name=\"_wpcf7\" value=\"5\" \/>\n<input type=\"hidden\" name=\"_wpcf7_version\" value=\"5.2\" \/>\n<input type=\"hidden\" name=\"_wpcf7_locale\" value=\"vi\" \/>\n<input type=\"hidden\" name=\"_wpcf7_unit_tag\" value=\"wpcf7-f5-o1\" \/>\n<input type=\"hidden\" name=\"_wpcf7_container_post\" value=\"0\" \/>\n<input type=\"hidden\" name=\"_wpcf7_posted_data_hash\" value=\"\" \/>\n<\/div>\n<p><label> H\u1ecd v\u00e0 t\u00ean<br \/>\n    <span class=\"wpcf7-form-control-wrap your-name\"><input type=\"text\" name=\"your-name\" value=\"\" size=\"40\" class=\"wpcf7-form-control wpcf7-text wpcf7-validates-as-required\" aria-required=\"true\" aria-invalid=\"false\" \/><\/span> <\/label><\/p>\n<p><label>\u0110i\u1ec7n tho\u1ea1i<br \/>\n    <span class=\"wpcf7-form-control-wrap dien-thoai\"><input type=\"text\" name=\"dien-thoai\" value=\"\" size=\"40\" class=\"wpcf7-form-control wpcf7-text\" aria-invalid=\"false\" \/><\/span> <\/label><br \/>\n<label> Email<br \/>\n    <span class=\"wpcf7-form-control-wrap your-email\"><input type=\"email\" name=\"your-email\" value=\"\" size=\"40\" class=\"wpcf7-form-control wpcf7-text wpcf7-email wpcf7-validates-as-required wpcf7-validates-as-email\" aria-required=\"true\" aria-invalid=\"false\" \/><\/span> <\/label><br \/>\n<label>\u0110\u1ecba ch\u1ec9<br \/>\n    <span class=\"wpcf7-form-control-wrap dia-chi\"><input type=\"text\" name=\"dia-chi\" value=\"\" size=\"40\" class=\"wpcf7-form-control wpcf7-text\" aria-invalid=\"false\" \/><\/span> <\/label><\/p>\n<p><label> Ghi ch\u00fa<br \/>\n    <span class=\"wpcf7-form-control-wrap your-message\"><textarea name=\"your-message\" cols=\"40\" rows=\"10\" class=\"wpcf7-form-control wpcf7-textarea\" aria-invalid=\"false\"><\/textarea><\/span> <\/label><\/p>\n<p><input type=\"submit\" value=\"G\u1eedi \u0111i\" class=\"wpcf7-form-control wpcf7-submit\" \/><\/p>\n<div class=\"wpcf7-response-output\" role=\"alert\" aria-hidden=\"true\"><\/div><\/form><\/div>\n\t\t<\/div>\n\t\t\t<\/div>\n\n\t\n<\/div>\n","protected":false},"excerpt":{"rendered":"","protected":false},"author":1,"featured_media":0,"parent":0,"menu_order":0,"comment_status":"closed","ping_status":"closed","template":"page-left-sidebar.php","meta":[],"yoast_head":"<!-- This site is optimized with the Yoast SEO plugin v14.6.1 - https:\/\/yoast.com\/wordpress\/plugins\/seo\/ -->\n<title>Li\u00ean h\u1ec7 - Vivutravel<\/title>\n<meta name=\"robots\" content=\"index, follow\" \/>\n<meta name=\"googlebot\" content=\"index, follow, max-snippet:-1, max-image-preview:large, max-video-preview:-1\" \/>\n<meta name=\"bingbot\" content=\"index, follow, max-snippet:-1, max-image-preview:large, max-video-preview:-1\" \/>\n<link rel=\"canonical\" href=\"https:\/\/demo.tamnguyen.vn\/dulich\/lien-he\/\" \/>\n<meta property=\"og:locale\" content=\"vi_VN\" \/>\n<meta property=\"og:type\" content=\"article\" \/>\n<meta property=\"og:title\" content=\"Li\u00ean h\u1ec7 - Vivutravel\" \/>\n<meta property=\"og:url\" content=\"https:\/\/demo.tamnguyen.vn\/dulich\/lien-he\/\" \/>\n<meta property=\"og:site_name\" content=\"Vivutravel\" \/>\n<meta property=\"article:modified_time\" content=\"2019-05-07T15:53:12+00:00\" \/>\n<meta name=\"twitter:card\" content=\"summary\" \/>\n<script type=\"application\/ld+json\" class=\"yoast-schema-graph\">{\"@context\":\"https:\/\/schema.org\",\"@graph\":[{\"@type\":\"WebSite\",\"@id\":\"https:\/\/demo.tamnguyen.vn\/dulich\/#website\",\"url\":\"https:\/\/demo.tamnguyen.vn\/dulich\/\",\"name\":\"Vivutravel\",\"description\":\"Tour\",\"potentialAction\":[{\"@type\":\"SearchAction\",\"target\":\"https:\/\/demo.tamnguyen.vn\/dulich\/?s={search_term_string}\",\"query-input\":\"required name=search_term_string\"}],\"inLanguage\":\"vi\"},{\"@type\":\"WebPage\",\"@id\":\"https:\/\/demo.tamnguyen.vn\/dulich\/lien-he\/#webpage\",\"url\":\"https:\/\/demo.tamnguyen.vn\/dulich\/lien-he\/\",\"name\":\"Li\\u00ean h\\u1ec7 - Vivutravel\",\"isPartOf\":{\"@id\":\"https:\/\/demo.tamnguyen.vn\/dulich\/#website\"},\"datePublished\":\"2017-11-03T00:39:36+00:00\",\"dateModified\":\"2019-05-07T15:53:12+00:00\",\"inLanguage\":\"vi\",\"potentialAction\":[{\"@type\":\"ReadAction\",\"target\":[\"https:\/\/demo.tamnguyen.vn\/dulich\/lien-he\/\"]}]}]}<\/script>\n<!-- \/ Yoast SEO plugin. -->","_links":{"self":[{"href":"https:\/\/demo.tamnguyen.vn\/dulich\/wp-json\/wp\/v2\/pages\/211"}],"collection":[{"href":"https:\/\/demo.tamnguyen.vn\/dulich\/wp-json\/wp\/v2\/pages"}],"about":[{"href":"https:\/\/demo.tamnguyen.vn\/dulich\/wp-json\/wp\/v2\/types\/page"}],"author":[{"embeddable":true,"href":"https:\/\/demo.tamnguyen.vn\/dulich\/wp-json\/wp\/v2\/users\/1"}],"replies":[{"embeddable":true,"href":"https:\/\/demo.tamnguyen.vn\/dulich\/wp-json\/wp\/v2\/comments?post=211"}],"version-history":[{"count":6,"href":"https:\/\/demo.tamnguyen.vn\/dulich\/wp-json\/wp\/v2\/pages\/211\/revisions"}],"predecessor-version":[{"id":615,"href":"https:\/\/demo.tamnguyen.vn\/dulich\/wp-json\/wp\/v2\/pages\/211\/revisions\/615"}],"wp:attachment":[{"href":"https:\/\/demo.tamnguyen.vn\/dulich\/wp-json\/wp\/v2\/media?parent=211"}],"curies":[{"name":"wp","href":"https:\/\/api.w.org\/{rel}","templated":true}]}}