{"id":531,"date":"2019-03-02T18:36:29","date_gmt":"2019-03-02T11:36:29","guid":{"rendered":"https:\/\/demo.tamnguyen.vn\/dulich\/?post_type=product&#038;p=531"},"modified":"2019-03-02T18:36:29","modified_gmt":"2019-03-02T11:36:29","slug":"du-lich-mien-bac-ha-noi-ha-long-ha-noi","status":"publish","type":"product","link":"https:\/\/demo.tamnguyen.vn\/dulich\/du-lich-mien-bac-ha-noi-ha-long-ha-noi\/","title":{"rendered":"Du l\u1ecbch mi\u1ec1n B\u1eafc: H\u00e0 N\u1ed9i &#8211; H\u1ea1 Long &#8211; H\u00e0 N\u1ed9i"},"content":{"rendered":"<h2 class=\"article-title-list\">Du l\u1ecbch mi\u1ec1n B\u1eafc: H\u00e0 N\u1ed9i &#8211; H\u1ea1 Long (Ng\u1ee7 \u0111\u00eam tr\u00ean Du thuy\u1ec1n) &#8211; H\u00e0 N\u1ed9i<\/h2>\n","protected":false},"excerpt":{"rendered":"<p>Du l\u1ecbch mi\u1ec1n B\u1eafc: H\u00e0 N\u1ed9i &#8211; H\u1ea1 Long (Ng\u1ee7 \u0111\u00eam tr\u00ean Du thuy\u1ec1n) &#8211; H\u00e0 N\u1ed9i<\/p>\n","protected":false},"featured_media":532,"comment_status":"open","ping_status":"closed","template":"","meta":[],"yoast_head":"<!-- This site is optimized with the Yoast SEO plugin v14.6.1 - https:\/\/yoast.com\/wordpress\/plugins\/seo\/ -->\n<title>Du l\u1ecbch mi\u1ec1n B\u1eafc: H\u00e0 N\u1ed9i - H\u1ea1 Long - H\u00e0 N\u1ed9i - Vivutravel<\/title>\n<meta name=\"robots\" content=\"index, follow\" \/>\n<meta name=\"googlebot\" content=\"index, follow, max-snippet:-1, max-image-preview:large, max-video-preview:-1\" \/>\n<meta name=\"bingbot\" content=\"index, follow, max-snippet:-1, max-image-preview:large, max-video-preview:-1\" \/>\n<link rel=\"canonical\" href=\"https:\/\/demo.tamnguyen.vn\/dulich\/du-lich-mien-bac-ha-noi-ha-long-ha-noi\/\" \/>\n<meta property=\"og:locale\" content=\"vi_VN\" \/>\n<meta property=\"og:type\" content=\"article\" \/>\n<meta property=\"og:title\" content=\"Du l\u1ecbch mi\u1ec1n B\u1eafc: H\u00e0 N\u1ed9i - H\u1ea1 Long - H\u00e0 N\u1ed9i - Vivutravel\" \/>\n<meta property=\"og:description\" content=\"Du l\u1ecbch mi\u1ec1n B\u1eafc: H\u00e0 N\u1ed9i &#8211; H\u1ea1 Long (Ng\u1ee7 \u0111\u00eam tr\u00ean Du thuy\u1ec1n) &#8211; H\u00e0 N\u1ed9i\" \/>\n<meta property=\"og:url\" content=\"https:\/\/demo.tamnguyen.vn\/dulich\/du-lich-mien-bac-ha-noi-ha-long-ha-noi\/\" \/>\n<meta property=\"og:site_name\" content=\"Vivutravel\" \/>\n<meta property=\"og:image\" content=\"https:\/\/demo.tamnguyen.vn\/dulich\/wp-content\/uploads\/2019\/03\/du-lich-mien-bac-4.2.jpg\" \/>\n\t<meta property=\"og:image:width\" content=\"500\" \/>\n\t<meta property=\"og:image:height\" content=\"331\" \/>\n<meta name=\"twitter:card\" content=\"summary\" \/>\n<script type=\"application\/ld+json\" class=\"yoast-schema-graph\">{\"@context\":\"https:\/\/schema.org\",\"@graph\":[{\"@type\":\"WebSite\",\"@id\":\"https:\/\/demo.tamnguyen.vn\/dulich\/#website\",\"url\":\"https:\/\/demo.tamnguyen.vn\/dulich\/\",\"name\":\"Vivutravel\",\"description\":\"Tour\",\"potentialAction\":[{\"@type\":\"SearchAction\",\"target\":\"https:\/\/demo.tamnguyen.vn\/dulich\/?s={search_term_string}\",\"query-input\":\"required name=search_term_string\"}],\"inLanguage\":\"vi\"},{\"@type\":\"ImageObject\",\"@id\":\"https:\/\/demo.tamnguyen.vn\/dulich\/du-lich-mien-bac-ha-noi-ha-long-ha-noi\/#primaryimage\",\"inLanguage\":\"vi\",\"url\":\"https:\/\/demo.tamnguyen.vn\/dulich\/wp-content\/uploads\/2019\/03\/du-lich-mien-bac-4.2.jpg\",\"width\":500,\"height\":331},{\"@type\":\"WebPage\",\"@id\":\"https:\/\/demo.tamnguyen.vn\/dulich\/du-lich-mien-bac-ha-noi-ha-long-ha-noi\/#webpage\",\"url\":\"https:\/\/demo.tamnguyen.vn\/dulich\/du-lich-mien-bac-ha-noi-ha-long-ha-noi\/\",\"name\":\"Du l\\u1ecbch mi\\u1ec1n B\\u1eafc: H\\u00e0 N\\u1ed9i - H\\u1ea1 Long - H\\u00e0 N\\u1ed9i - Vivutravel\",\"isPartOf\":{\"@id\":\"https:\/\/demo.tamnguyen.vn\/dulich\/#website\"},\"primaryImageOfPage\":{\"@id\":\"https:\/\/demo.tamnguyen.vn\/dulich\/du-lich-mien-bac-ha-noi-ha-long-ha-noi\/#primaryimage\"},\"datePublished\":\"2019-03-02T11:36:29+00:00\",\"dateModified\":\"2019-03-02T11:36:29+00:00\",\"inLanguage\":\"vi\",\"potentialAction\":[{\"@type\":\"ReadAction\",\"target\":[\"https:\/\/demo.tamnguyen.vn\/dulich\/du-lich-mien-bac-ha-noi-ha-long-ha-noi\/\"]}]}]}<\/script>\n<!-- \/ Yoast SEO plugin. -->","_links":{"self":[{"href":"https:\/\/demo.tamnguyen.vn\/dulich\/wp-json\/wp\/v2\/product\/531"}],"collection":[{"href":"https:\/\/demo.tamnguyen.vn\/dulich\/wp-json\/wp\/v2\/product"}],"about":[{"href":"https:\/\/demo.tamnguyen.vn\/dulich\/wp-json\/wp\/v2\/types\/product"}],"replies":[{"embeddable":true,"href":"https:\/\/demo.tamnguyen.vn\/dulich\/wp-json\/wp\/v2\/comments?post=531"}],"wp:featuredmedia":[{"embeddable":true,"href":"https:\/\/demo.tamnguyen.vn\/dulich\/wp-json\/wp\/v2\/media\/532"}],"wp:attachment":[{"href":"https:\/\/demo.tamnguyen.vn\/dulich\/wp-json\/wp\/v2\/media?parent=531"}],"curies":[{"name":"wp","href":"https:\/\/api.w.org\/{rel}","templated":true}]}}