{"id":25,"date":"2017-07-19T16:28:08","date_gmt":"2017-07-19T09:28:08","guid":{"rendered":"https:\/\/demo.tamnguyen.vn\/vivaclinic\/?page_id=25"},"modified":"2017-07-22T11:55:01","modified_gmt":"2017-07-22T04:55:01","slug":"dich-vu-nha-khoa","status":"publish","type":"page","link":"https:\/\/demo.tamnguyen.vn\/vivaclinic\/dich-vu-nha-khoa\/","title":{"rendered":"Nha khoa"},"content":{"rendered":"\t<div class=\"img has-hover x md-x lg-x y md-y lg-y\" id=\"image_2074255763\">\n\t\t\t\t\t\t\t\t<div class=\"img-inner image-cover dark\" style=\"padding-top:30%;\">\n\t\t\t<img width=\"1200\" height=\"401\" src=\"https:\/\/demo.tamnguyen.vn\/vivaclinic\/wp-content\/uploads\/2017\/07\/banner34.jpg\" class=\"attachment-original size-original\" alt=\"\" loading=\"lazy\" srcset=\"https:\/\/demo.tamnguyen.vn\/vivaclinic\/wp-content\/uploads\/2017\/07\/banner34.jpg 1200w, https:\/\/demo.tamnguyen.vn\/vivaclinic\/wp-content\/uploads\/2017\/07\/banner34-300x100.jpg 300w, https:\/\/demo.tamnguyen.vn\/vivaclinic\/wp-content\/uploads\/2017\/07\/banner34-768x257.jpg 768w, https:\/\/demo.tamnguyen.vn\/vivaclinic\/wp-content\/uploads\/2017\/07\/banner34-1024x342.jpg 1024w\" sizes=\"(max-width: 1200px) 100vw, 1200px\" \/>\t\t\t\t\t\t\n\t\t\t\t\t<\/div>\n\t\t\t\t\t\t\t\t\n<style scope=\"scope\">\n\n#image_2074255763 {\n  width: 100%;\n}\n<\/style>\n\t<\/div>\n\t\n\t<section class=\"section\" id=\"section_913685941\">\n\t\t<div class=\"bg section-bg fill bg-fill  bg-loaded\" >\n\n\t\t\t\n\t\t\t\n\t\t\t\n\n\t\t<\/div><!-- .section-bg -->\n\n\t\t<div class=\"section-content relative\">\n\t\t\t\n<div class=\"row row-small\"  id=\"row-1562778261\">\n<div class=\"col small-12 large-12\"  ><div class=\"col-inner\"  >\n<h3 style=\"text-align: center;\"><span style=\"font-size: 150%; color: #000000;\">Nha khoa th\u1ea9m m\u1ef9 GiuseArt Clinic<\/span><\/h3>\n<p><img loading=\"lazy\" class=\"aligncenter wp-image-305\" src=\"https:\/\/demo.tamnguyen.vn\/vivaclinic\/wp-content\/uploads\/2017\/07\/SHARP.png\" alt=\"\" width=\"150\" height=\"38\" \/><\/p>\n<p style=\"text-align: center;\">Ch\u1ec9nh h\u00ecnh r\u0103ng m\u1eb7t c\u1ee7a ch\u00fang t\u00f4i c\u00f3 th\u1ec3 gi\u00fap b\u1ea1n s\u1edf h\u1eefu \u0111\u01b0\u1ee3c \u0111i\u1ec1u n\u00e0y? Nha khoa Viva chuy\u00ean v\u1ec1 ch\u1ea9n \u0111o\u00e1n, ph\u00f2ng v\u00e0 \u0111i\u1ec1u tr\u1ecb c\u00e1c b\u1ea5t th\u01b0\u1eddng r\u0103ng v\u00e0 khu\u00f4n m\u1eb7t. Vi\u1ec7c \u0111i\u1ec1u tr\u1ecb ch\u1ec9nh nha \u0111\u00f2i h\u1ecfi k\u1ef9 n\u0103ng chuy\u00ean nghi\u1ec7p trong vi\u1ec7c thi\u1ebft k\u1ebf, \u1ee9ng d\u1ee5ng v\u00e0 \u0111i\u1ec1u khi\u1ec3n c\u00e1c kh\u00ed c\u1ee5, thi\u1ebft b\u1ecb m\u00e1y m\u00f3c chuy\u00ean bi\u1ec7t .<\/p>\n<p style=\"text-align: center;\">Th\u1ee9c \u0103n gi\u00f2n v\u00e0 d\u00ednh c\u00f3 th\u1ec3 l\u00e0m r\u1edbt c\u00e1c m\u1eafc c\u00e0i . C\u1ea7n tr\u00e1nh \u0103n k\u1eb9o c\u1ee9ng v\u00e0 k\u1eb9o cao su . Th\u1ee9c \u0103n c\u1ee9ng c\u00f3 th\u1ec3 \u0103n b\u1eb1ng c\u00e1ch c\u1eaft nh\u1ecf v\u00e0 nhai nh\u1eb9 nh\u00e0ng!\u00a0\u0110\u1ed9ng c\u01a1 th\u00f4i th\u00fac m\u1ed9t ng\u01b0\u1eddi \u0111i \u0111i\u1ec1u tr\u1ecb ch\u1ec9nh r\u0103ng l\u00e0 mong mu\u1ed1n c\u00f3 m\u1ed9t h\u00ecnh \u1ea3nh h\u00e0i h\u00f2a, \u0111\u1eb9p c\u1ee7a r\u0103ng, h\u00e0m, \u0111\u00f4i m\u00f4i. Nh\u01b0ng m\u1ed9t n\u1ee5 c\u01b0\u1eddi h\u1ea5p d\u1eabn ch\u1ec9 l\u00e0 m\u1ed9t trong nh\u1eefng l\u1ee3i \u00edch.\u00a0Nh\u1eefng tr\u01b0\u1eddng h\u1ee3p r\u0103ng l\u1ec7ch l\u1ea1c, kh\u1edbp c\u1eafn x\u1ea5u n\u1ebfu kh\u00f4ng \u0111i\u1ec1u tr\u1ecb ch\u1ec9nh r\u0103ng c\u00f3 th\u1ec3 d\u1eabn \u0111\u1ebfn s\u00e2u r\u0103ng, b\u1ec7nh n\u01b0\u1edbu r\u0103ng, ph\u00e1 h\u1ee7y x\u01b0\u01a1ng, nhai kh\u00f3 kh\u0103n v\u00e0 kh\u00f3 ti\u00eau h\u00f3a.<\/p>\n<\/div><\/div>\n\n<style scope=\"scope\">\n\n<\/style>\n<\/div>\n<div class=\"row row-small\"  id=\"row-978354817\">\n<div class=\"col medium-6 small-12 large-6\"  ><div class=\"col-inner\"  >\n<ul>\n<li class=\"bullet-star\">Lorem ipsum dolor sit amet, consectetuer adipiscing elit, sed diam<\/li>\n<li class=\"bullet-star\">Lorem ipsum dolor sit amet, consectetuer adipiscing elit, sed diam nonummy nibh euismod tincidunt ut<\/li>\n<li class=\"bullet-star\">Lorem ipsum dolor sit amet, consectetuer adipiscing elit, sed diam nonummy nibh euismod tincidunt ut la<\/li>\n<li class=\"bullet-star\">Lorem ipsum dolor sit amet, consectetuer adipiscing elit, sed diam nonummy nibh euismod tincidunt u<\/li>\n<\/ul>\n<p>Ch\u1ec9nh h\u00ecnh r\u0103ng m\u1eb7t c\u1ee7a ch\u00fang t\u00f4i c\u00f3 th\u1ec3 gi\u00fap b\u1ea1n s\u1edf h\u1eefu \u0111\u01b0\u1ee3c \u0111i\u1ec1u n\u00e0y? Nha khoa Viva chuy\u00ean v\u1ec1 ch\u1ea9n \u0111o\u00e1n, ph\u00f2ng v\u00e0 \u0111i\u1ec1u tr\u1ecb c\u00e1c b\u1ea5t th\u01b0\u1eddng r\u0103ng v\u00e0 khu\u00f4n m\u1eb7t. Vi\u1ec7c \u0111i\u1ec1u tr\u1ecb ch\u1ec9nh nha \u0111\u00f2i h\u1ecfi k\u1ef9 n\u0103ng chuy\u00ean nghi\u1ec7p trong vi\u1ec7c thi\u1ebft k\u1ebf, \u1ee9ng d\u1ee5ng v\u00e0 \u0111i\u1ec1u khi\u1ec3n c\u00e1c kh\u00ed c\u1ee5, thi\u1ebft b\u1ecb m\u00e1y m\u00f3c chuy\u00ean bi\u1ec7t .<\/p>\n<\/div><\/div>\n<div class=\"col medium-6 small-12 large-6\"  ><div class=\"col-inner\"  >\n\t<div class=\"img has-hover x md-x lg-x y md-y lg-y\" id=\"image_968381345\">\n\t\t\t\t\t\t\t\t<div class=\"img-inner dark\" >\n\t\t\t<img width=\"500\" height=\"326\" src=\"https:\/\/demo.tamnguyen.vn\/vivaclinic\/wp-content\/uploads\/2017\/07\/V\u00ec-sao-c\u1ea7n-ki\u1ec3m-tra-r\u0103ng-mi\u1ec7ng-\u0111\u1ecbnh-k\u1ef3-8-s-11318.jpg\" class=\"attachment-original size-original\" alt=\"\" loading=\"lazy\" srcset=\"https:\/\/demo.tamnguyen.vn\/vivaclinic\/wp-content\/uploads\/2017\/07\/V\u00ec-sao-c\u1ea7n-ki\u1ec3m-tra-r\u0103ng-mi\u1ec7ng-\u0111\u1ecbnh-k\u1ef3-8-s-11318.jpg 500w, https:\/\/demo.tamnguyen.vn\/vivaclinic\/wp-content\/uploads\/2017\/07\/V\u00ec-sao-c\u1ea7n-ki\u1ec3m-tra-r\u0103ng-mi\u1ec7ng-\u0111\u1ecbnh-k\u1ef3-8-s-11318-300x196.jpg 300w\" sizes=\"(max-width: 500px) 100vw, 500px\" \/>\t\t\t\t\t\t\n\t\t\t\t\t<\/div>\n\t\t\t\t\t\t\t\t\n<style scope=\"scope\">\n\n#image_968381345 {\n  width: 100%;\n}\n<\/style>\n\t<\/div>\n\t\n<\/div><\/div>\n\n<style scope=\"scope\">\n\n<\/style>\n<\/div>\n\t\t<\/div><!-- .section-content -->\n\n\t\t\n<style scope=\"scope\">\n\n#section_913685941 {\n  padding-top: 30px;\n  padding-bottom: 30px;\n}\n<\/style>\n\t<\/section>\n\t\n","protected":false},"excerpt":{"rendered":"","protected":false},"author":1,"featured_media":0,"parent":0,"menu_order":0,"comment_status":"closed","ping_status":"closed","template":"page-blank.php","meta":[],"_links":{"self":[{"href":"https:\/\/demo.tamnguyen.vn\/vivaclinic\/wp-json\/wp\/v2\/pages\/25"}],"collection":[{"href":"https:\/\/demo.tamnguyen.vn\/vivaclinic\/wp-json\/wp\/v2\/pages"}],"about":[{"href":"https:\/\/demo.tamnguyen.vn\/vivaclinic\/wp-json\/wp\/v2\/types\/page"}],"author":[{"embeddable":true,"href":"https:\/\/demo.tamnguyen.vn\/vivaclinic\/wp-json\/wp\/v2\/users\/1"}],"replies":[{"embeddable":true,"href":"https:\/\/demo.tamnguyen.vn\/vivaclinic\/wp-json\/wp\/v2\/comments?post=25"}],"version-history":[{"count":10,"href":"https:\/\/demo.tamnguyen.vn\/vivaclinic\/wp-json\/wp\/v2\/pages\/25\/revisions"}],"predecessor-version":[{"id":1219,"href":"https:\/\/demo.tamnguyen.vn\/vivaclinic\/wp-json\/wp\/v2\/pages\/25\/revisions\/1219"}],"wp:attachment":[{"href":"https:\/\/demo.tamnguyen.vn\/vivaclinic\/wp-json\/wp\/v2\/media?parent=25"}],"curies":[{"name":"wp","href":"https:\/\/api.w.org\/{rel}","templated":true}]}}