{"id":28,"date":"2016-08-04T11:15:19","date_gmt":"2016-08-04T11:15:19","guid":{"rendered":"http:\/\/flatsome.dev\/?page_id=8412"},"modified":"2017-06-26T15:20:03","modified_gmt":"2017-06-26T08:20:03","slug":"du-an-nang-luc-kinh-nghiem","status":"publish","type":"page","link":"https:\/\/demo.tamnguyen.vn\/xaydung\/du-an-nang-luc-kinh-nghiem","title":{"rendered":"D\u1ef1 \u00c1n &#8211; N\u0103ng L\u1ef1c &#8211; Kinh Nghi\u1ec7m"},"content":{"rendered":"\t<div class=\"img has-hover x md-x lg-x y md-y lg-y\" id=\"image_450986463\">\n\t\t\t\t\t\t\t\t<div class=\"img-inner image-cover dark\" style=\"padding-top:30%;\">\n\t\t\t\t\t\t\t\t\t\n\t\t\t\t\t<\/div>\n\t\t\t\t\t\t\t\t\n<style>\n#image_450986463 {\n  width: 100%;\n}\n<\/style>\n\t<\/div>\n\t\n<div class=\"row\"  id=\"row-1629493406\">\n<div class=\"entry-header has-post-format\"><\/div>\n<div>\n<p style=\"text-align: center;\"><strong>D\u1ef0 \u00c1N TI\u00caU BI\u1ec2U &#8230;<\/strong><\/p>\n<p style=\"text-align: center;\"><strong>NH\u1eeeNG KH\u00c1CH H\u00c0NG SAU NHI\u1ec0U N\u0102M TH\u00c0NH TH\u01af\u01a0NG HI\u1ec6U N\u1ed4I TI\u1ebeNG V\u00c0 \u0110\u1ea0T DOANH THU CAO &#8211; T\u1eea KH\u00d3A L\u00caN TOP :<\/strong><\/p>\n<p style=\"text-align: center;\"><strong>&#8211; CH\u1ee2 TR\u1edcI LINH KI\u1ec6N<\/strong><\/p>\n<p style=\"text-align: center;\"><strong>&#8211; \u0110I\u1ec6N HOA T\u01af\u01a0I H\u00c0 N\u1ed8I<\/strong><\/p>\n<p style=\"text-align: center;\"><strong>&#8211; TAI NGHE 365 &#8211; CH\u00cdNH H\u00c3NG<\/strong><\/p>\n<p style=\"text-align: center;\"><strong>&#8211; S\u00c1O TR\u00daC M\u00c3O M\u00c8O &#8211; <a href=\"http:\/\/saotrucmaomeo.com\/\">http:\/\/saotrucmaomeo.com<\/a><\/strong><\/p>\n<p style=\"text-align: center;\"><a href=\"https:\/\/thietbidienpanasonic.com\/\" target=\"_blank\" rel=\"noopener noreferrer\"><img loading=\"lazy\" src=\"https:\/\/thietbidienpanasonic.com\/wp-content\/uploads\/2017\/04\/logo-panasonic.png\" alt=\"Thi\u1ebft b\u1ecb \u0111i\u1ec7n PANASONIC \u2013 T\u1ed5ng kho Panasonic Vi\u1ec7t Nam\" width=\"271\" height=\"43\" \/><\/a><\/p>\n<p style=\"text-align: center;\"><a href=\"http:\/\/sieuthigiakhanh.com\/\" target=\"_blank\" rel=\"noopener noreferrer\"><img loading=\"lazy\" src=\"http:\/\/sieuthigiakhanh.com\/images\/banners\/logo\/2323-1-copy.png\" width=\"298\" height=\"62\" \/><\/a><\/p>\n<p style=\"text-align: center;\"><a href=\"http:\/\/donghophongcachvn.com\/\" target=\"_blank\" rel=\"noopener noreferrer\"><img loading=\"lazy\" src=\"http:\/\/donghophongcachvn.com\/wp-content\/uploads\/2017\/05\/LOGO-1.png\" alt=\"\u0110\u1ed3ng h\u1ed3 ch\u00ednh h\u00e3ng\" width=\"241\" height=\"75\" \/><\/a><\/p>\n<p style=\"text-align: center;\"><a href=\"http:\/\/saotrucmaomeo.com\/trang-chu\" target=\"_blank\" rel=\"noopener noreferrer\"><img loading=\"lazy\" src=\"http:\/\/saotrucmaomeo.com\/cms\/static\/site\/sale_saotrucmaomeo\/template\/default\/images\/logo.png\" width=\"198\" height=\"90\" \/><\/a><\/p>\n<p style=\"text-align: center;\"><a href=\"http:\/\/anhkhoafitness.com.vn\/\" target=\"_blank\" rel=\"noopener noreferrer\"><img loading=\"lazy\" src=\"http:\/\/anhkhoafitness.com.vn\/images\/user\/Untitled-332.png\" width=\"207\" height=\"61\" \/><\/a><\/p>\n<p style=\"text-align: center;\"><a href=\"http:\/\/quangchaukids.com\/\" target=\"_blank\" rel=\"noopener noreferrer\"><img loading=\"lazy\" src=\"http:\/\/quangchaukids.com\/images\/Untitled-24444.png\" width=\"245\" height=\"42\" \/><\/a><\/p>\n<p style=\"text-align: center;\"><a href=\"http:\/\/hoanganhwatch.com\/\" target=\"_blank\" rel=\"noopener noreferrer\"><img loading=\"lazy\" src=\"http:\/\/hoanganhwatch.com\/images\/banners\/22222222222222222222.png\" width=\"209\" height=\"58\" \/><\/a><\/p>\n<p style=\"text-align: center;\"><a href=\"http:\/\/thietbinhatam24h.com\/\" target=\"_blank\" rel=\"noopener noreferrer\"><img src=\"http:\/\/thietbinhatam24h.com\/images\/user\/logo-quangphuc-small.png\" \/><\/a><\/p>\n<p style=\"text-align: center;\"><a href=\"http:\/\/fusico.vn\/\" target=\"_blank\" rel=\"noopener noreferrer\"><img loading=\"lazy\" src=\"http:\/\/fusico.vn\/images\/headers\/lgoog.png\" width=\"177\" height=\"103\" \/><\/a><\/p>\n<p style=\"text-align: center;\"><a href=\"http:\/\/dongho11.com\/\" target=\"_blank\" rel=\"noopener noreferrer\"><img loading=\"lazy\" src=\"http:\/\/dongho11.com\/images\/banners\/LOGO.png\" width=\"225\" height=\"70\" \/><\/a><\/p>\n<p style=\"text-align: center;\"><a href=\"http:\/\/hoaluatrangtri.vn\/\" target=\"_blank\" rel=\"noopener noreferrer\"><img loading=\"lazy\" src=\"http:\/\/hoaluatrangtri.vn\/images\/user\/hoaaaaaaaaaaaaaa.png\" width=\"283\" height=\"65\" \/><\/a><\/p>\n<p style=\"text-align: center;\"><a href=\"http:\/\/invietthang365.com\/\" target=\"_blank\" rel=\"noopener noreferrer\"><img src=\"http:\/\/invietthang365.com\/images\/sampledata\/Untitled-1568888.png\" \/><\/a><\/p>\n<p style=\"text-align: center;\"><strong><a href=\"http:\/\/shoptot.com.vn\/\">http:\/\/shoptot.com.vn\/<\/a><\/strong><\/p>\n<p style=\"text-align: center;\"><a href=\"http:\/\/cancuongthinhphat.vn\/\" target=\"_blank\" rel=\"noopener noreferrer\"><img loading=\"lazy\" src=\"http:\/\/cancuongthinhphat.vn\/images\/user\/logo-nre.png\" width=\"230\" height=\"53\" \/><\/a><\/p>\n<p style=\"text-align: center;\"><img loading=\"lazy\" src=\"http:\/\/containervanphong10h.com\/images\/container.jpg\" width=\"287\" height=\"55\" \/><\/p>\n<p style=\"text-align: center;\"><strong><a href=\"http:\/\/containervanphong10h.com\/\">http:\/\/containervanphong10h.com\/<\/a><\/strong><\/p>\n<p style=\"text-align: center;\"><a href=\"http:\/\/topmilk.vn\/\" target=\"_blank\" rel=\"noopener noreferrer\"><img loading=\"lazy\" src=\"http:\/\/topmilk.vn\/images\/user\/2323232323.png\" width=\"256\" height=\"59\" \/><\/a><\/p>\n<p style=\"text-align: center;\"><a href=\"http:\/\/diengiadung247.com\/\"><img src=\"http:\/\/diengiadung247.com\/images\/banners\/logo\/logo-300x76-copy.png\" \/><\/a><\/p>\n<p style=\"text-align: center;\"><a href=\"http:\/\/diengiadung247.com\/\">http:\/\/diengiadung247.com\/<\/a><\/p>\n<p style=\"text-align: center;\">http:\/\/xehoi.pro.vn\/<\/p>\n<p style=\"text-align: center;\"><a href=\"http:\/\/chamsocnha.com.vn\/\" target=\"_blank\" rel=\"noopener noreferrer\"><img loading=\"lazy\" src=\"http:\/\/chamsocnha.com.vn\/images\/headers\/3333333334343.png\" width=\"207\" height=\"44\" \/><\/a><\/p>\n<p style=\"text-align: center;\"><a href=\"http:\/\/chamsocnha.com.vn\/\" target=\"_blank\" rel=\"noopener noreferrer\"><strong>http:\/\/chamsocnha.com.vn<\/strong><\/a><\/p>\n<p style=\"text-align: center;\"><a href=\"http:\/\/osumi-jp.com\/\" target=\"_blank\" rel=\"noopener noreferrer\"><img loading=\"lazy\" src=\"http:\/\/thaibinhweb.com\/images\/exp\/23232323.png\" alt=\"\" width=\"176\" height=\"63\" \/><\/a><\/p>\n<p style=\"text-align: center;\"><a href=\"http:\/\/osumi-jp.com\/\">http:\/\/osumi-jp.com\/<\/a><\/p>\n<p style=\"text-align: center;\"><a href=\"http:\/\/shophatdau.com\/\" target=\"_blank\" rel=\"noopener noreferrer\">http:\/\/shophatdau.com\/<\/a><\/p>\n<p style=\"text-align: center;\">C\u00f4ng ty TNHH Th\u00e9p Quang Tu\u1ea5n<\/p>\n<p style=\"text-align: center;\"><a href=\"http:\/\/theptam.com.vn\/\" target=\"_blank\" rel=\"noopener noreferrer\">+ D\u1ef1 \u00e1n :\u00a0<\/a><a href=\"http:\/\/theptam.com.vn\/\" target=\"_blank\" rel=\"noopener noreferrer\">http:\/\/theptam.com.vn<\/a><\/p>\n<p style=\"text-align: center;\"><a href=\"http:\/\/havietmobile.com\/\" target=\"_blank\" rel=\"noopener noreferrer\"><strong>D\u1ef1 \u00e1n Shop \u0111i\u1ec7n tho\u1ea1i H\u00e0 Vi\u1ec7t Mobile<br \/>\nSi\u00eau \u0111\u1eb9p &#8211; si\u00eau nhanh &#8211; chu\u1ea9n :\u00a0Havietmobile.com<\/strong><\/a><\/p>\n<p style=\"text-align: center;\"><a href=\"http:\/\/dacsandienbien365.com\/\" target=\"_blank\" rel=\"noopener noreferrer\"><img loading=\"lazy\" src=\"http:\/\/dacsandienbien365.com\/images\/22222222222222222.png\" alt=\"\" width=\"319\" height=\"61\" \/><\/a><\/p>\n<p style=\"text-align: center;\"><a href=\"http:\/\/dacsandienbien365.com\/\" target=\"_blank\" rel=\"noopener noreferrer\"><strong>Dacsandienbien365.com<\/strong><\/a><\/p>\n<p style=\"text-align: center;\"><a href=\"http:\/\/camerathuanphat.com.vn\/\" target=\"_blank\" rel=\"noopener noreferrer\"><img loading=\"lazy\" src=\"http:\/\/camerathuanphat.com.vn\/images\/joomshopping\/logo-3.jpg\" alt=\"\" width=\"240\" height=\"71\" \/><\/a><\/p>\n<p style=\"text-align: center;\"><a href=\"http:\/\/camerathuanphat.com.vn\/\" target=\"_blank\" rel=\"noopener noreferrer\"><strong>Camerathuanphat.com.vn<\/strong><\/a><\/p>\n<p style=\"text-align: center;\"><a href=\"http:\/\/camerahungha.com\/\" target=\"_blank\" rel=\"noopener noreferrer\"><img loading=\"lazy\" src=\"http:\/\/camerahungha.com\/images\/joomshopping\/222222222222222.png\" alt=\"\" width=\"209\" height=\"68\" \/><\/a><\/p>\n<p style=\"text-align: center;\"><a href=\"http:\/\/camerahungha.com\/\" target=\"_blank\" rel=\"noopener noreferrer\"><strong>Camerahungha.com<\/strong><\/a><\/p>\n<p style=\"text-align: center;\"><img src=\"http:\/\/hhml.com.vn\/images\/1234567.png\" alt=\"C\u00f4ng ty TNHH H\u00e0ng H\u1ea3i &amp; Th\u01b0\u01a1ng M\u1ea1i HML\" \/><\/p>\n<p style=\"text-align: center;\"><strong>hhml.com.vn<\/strong><\/p>\n<p style=\"text-align: center;\">Thi\u1ebft k\u1ebf web gi\u1edbi thi\u1ec7u c\u00f4ng ty, d\u1ecbch v\u1ee5, b\u1ea3o hi\u1ec3m, x\u00e2y d\u1ef1ng &#8211; load nhanh nh\u01b0 \u0111i\u1ec7n, m\u01b0\u1ee3t m\u00e0, r\u1ea5t \u0111ep<\/p>\n<p style=\"text-align: center;\"><strong>Battran.vn<\/strong><\/p>\n<p style=\"text-align: center;\">Thi\u1ebft k\u1ebf web\u00a0th\u1ef1c ph\u1ea9m s\u1ea1ch &#8211; qu\u1ea3ng c\u00e1o marketing facebook, google adword t\u0103ng doanh thu 25-30 tri\u1ec7u 1 th\u00e1ng cho kh\u00e1ch h\u00e0ng<\/p>\n<p style=\"text-align: center;\"><a href=\"http:\/\/anhvietcctv.com\/\" target=\"_blank\" rel=\"noopener noreferrer\"><img loading=\"lazy\" src=\"http:\/\/anhvietcctv.com\/images\/banners\/2222222222222.png\" alt=\"\" width=\"323\" height=\"54\" \/><\/a><\/p>\n<p style=\"text-align: center;\">Website b\u00e1n thu\u1ed1c, th\u1ef1c ph\u1ea9m ch\u1ee9c n\u0103ng<\/p>\n<p style=\"text-align: center;\"><img loading=\"lazy\" src=\"http:\/\/noithatdep365.vn\/wp-content\/uploads\/2016\/08\/logo.png\" alt=\"N\u1ed9i th\u1ea5t\" width=\"233\" height=\"57\" \/><\/p>\n<p style=\"text-align: center;\"><strong>Noithatdep365.vn<\/strong><\/p>\n<p style=\"text-align: center;\">Website kh\u00e1 \u0111\u1eb9p chuy\u00ean thi\u1ebft k\u1ebf n\u1ed9i th\u1ea5t bi\u1ec7t th\u1ef1 nh\u00e0 ph\u1ed1<\/p>\n<p style=\"text-align: center;\"><img loading=\"lazy\" src=\"http:\/\/myphamphuminh.com\/images\/logo-thaibinhweb.png\" alt=\"\" width=\"204\" height=\"45\" \/><\/p>\n<p style=\"text-align: center;\"><strong>Myphamphuminh.com<\/strong><\/p>\n<p style=\"text-align: center;\">Website kh\u00e1 \u0111\u1eb9p b\u00e1n m\u1ef9 ph\u1ea9m online &#8211; ch\u1ea5t l\u01b0\u1ee3ng<\/p>\n<p style=\"text-align: center;\"><img loading=\"lazy\" src=\"http:\/\/chotroihn.com\/images\/banners\/linh-kien-dien-tu.png\" alt=\"\" width=\"214\" height=\"43\" \/><\/p>\n<p style=\"text-align: center;\"><strong>Chotroihn.com<\/strong><\/p>\n<p style=\"text-align: center;\">Website chuy\u00ean v\u1ec1 linh ki\u1ec7n \u0111i\u1ec7n t\u1eed &#8211; web ch\u1ee9a h\u01a1n 800 s\u1ea3n ph\u1ea9m m\u00e0 v\u1eabn load r\u1ea5t nhanh v\u00e0 m\u01b0\u1ee3t m\u00e0&#8230;<\/p>\n<p style=\"text-align: center;\"><img src=\"http:\/\/camerathaiha.net\/images\/logo.png\" alt=\"\" \/><\/p>\n<p style=\"text-align: center;\"><strong>Camerathaiha.net<\/strong><\/p>\n<p style=\"text-align: center;\">TH\u00c1I H\u00c0 CAMERA s\u1ebd tr\u1edf th\u00e0nh nh\u00e0 cung c\u1ea5p c\u0169ng nh\u01b0 l\u1eafp \u0111\u1eb7t h\u00e0ng \u0111\u1ea7u t\u1ea1i H\u00e0 N\u1ed9i v\u00e0 c\u00e1c t\u1ec9nh Mi\u1ec1n B\u1eafc Vi\u1ec7t Nam.<\/p>\n<p style=\"text-align: center;\"><strong>Thucphamsacheco.net<\/strong><\/p>\n<p style=\"text-align: center;\">Thi\u1ebft k\u1ebf web\u00a0th\u1ef1c ph\u1ea9m s\u1ea1ch &#8211; qu\u1ea3ng c\u00e1o marketing facebook, google adword t\u0103ng doanh thu 25-30 tri\u1ec7u 1 th\u00e1ng cho kh\u00e1ch h\u00e0ng<\/p>\n<p style=\"text-align: center;\"><a href=\"http:\/\/linhkienhoangphat.com\/\" target=\"_blank\" rel=\"noopener noreferrer\"><img loading=\"lazy\" src=\"http:\/\/linhkienhoangphat.com\/images\/banners\/logo\/image-techz-1439456014-copy.png\" alt=\"\" width=\"266\" height=\"61\" \/><\/a><\/p>\n<p style=\"text-align: center;\"><a href=\"http:\/\/linhkienhoangphat.com\/\" target=\"_blank\" rel=\"noopener noreferrer\">Linhkienhoangphat.com<\/a><\/p>\n<p style=\"text-align: center;\">Thi\u1ebft k\u1ebf web\u00a0th\u1ef1c ph\u1ea9m s\u1ea1ch &#8211; qu\u1ea3ng c\u00e1o marketing facebook, google adword t\u0103ng doanh thu 25-30 tri\u1ec7u 1 th\u00e1ng cho kh\u00e1ch h\u00e0ng<\/p>\n<p style=\"text-align: center;\"><a href=\"http:\/\/chieucoithanhlong.com\/\" target=\"_blank\" rel=\"noopener noreferrer\"><img loading=\"lazy\" src=\"http:\/\/chieucoithanhlong.com\/images\/headers\/222222222222222222222222222-copy.png\" alt=\"\" width=\"293\" height=\"66\" \/><\/a><\/p>\n<p style=\"text-align: center;\"><img loading=\"lazy\" src=\"http:\/\/giaydepxuatkhau.vn\/images\/banners\/logo\/logo.jpg\" alt=\"\" width=\"139\" height=\"52\" \/><\/p>\n<p style=\"text-align: center;\"><strong>Giaydepxuatkhau.vn<\/strong><\/p>\n<p style=\"text-align: center;\">Gi\u00e0y th\u01b0\u01a1ng hi\u1ec7u M\u1ef9 xu\u1ea5t kh\u1ea9u &#8211; ch\u1ea5t l\u01b0\u1ee3ng &#8211; \u0111\u1eb9p \u0111i tho\u00e1ng ch\u00e2n&#8230;<\/p>\n<p style=\"text-align: center;\"><strong>Matphuonghoang.com.vn\u00a0<\/strong><\/p>\n<p style=\"text-align: center;\">Website v\u1ec1 l\u0129nh v\u1ef1c camera an ninh, thi\u1ebft b\u1ecb \u0111i\u1ec7n m\u00e1y, m\u00e0u xanh da tr\u1eddi \u0111\u1eb9p<\/p>\n<p style=\"text-align: center;\"><img src=\"http:\/\/nhacchoquangcao.vn\/images\/banners\/logo_nhacplus.png\" alt=\"\" \/><\/p>\n<p style=\"text-align: center;\"><strong>nhacchoquangcao.vn<\/strong><\/p>\n<p style=\"text-align: center;\">Website cung c\u1ea5p nh\u1ea1c ch\u1edd cho \u0111i\u1ec7n tho\u1ea1i &#8211; ch\u1ea5t l\u01b0\u1ee3ng uy t\u00edn h\u00e0ng \u0111\u1ea7u Vi\u1ec7t Nam<\/p>\n<p style=\"text-align: center;\"><a href=\"http:\/\/ghetatami.com\/\"><img loading=\"lazy\" src=\"http:\/\/ghetatami.com\/images\/images.png\" alt=\"\" width=\"213\" height=\"35\" \/><\/a><\/p>\n<p style=\"text-align: center;\">Gh\u1ebf TATAMI | Gh\u1ebf B\u1ec7t TATAMI | Chuy\u00ean cung c\u1ea5p Gh\u1ebf TATAMI<\/p>\n<p style=\"text-align: center;\"><img loading=\"lazy\" src=\"http:\/\/trangthietbimamnon.com\/images\/banners\/thththth.png\" alt=\"\" width=\"204\" height=\"36\" \/><\/p>\n<p style=\"text-align: center;\"><strong>trangthietbimamnon.com<\/strong><\/p>\n<p style=\"text-align: center;\">Cung c\u1ea5p thi\u1ebft b\u1ecb m\u1ea7m non, d\u1ee5ng c\u1ee5 v\u00e0 thi\u1ebft b\u1ecb gi\u00e1o d\u1ee5c&#8230;<\/p>\n<p style=\"text-align: center;\"><img loading=\"lazy\" src=\"http:\/\/sim4gfullmax.com\/images\/lgogogo.png\" alt=\"\" width=\"242\" height=\"44\" \/><\/p>\n<p style=\"text-align: center;\"><strong>sim4gfullmax.com<\/strong><\/p>\n<p style=\"text-align: center;\">Trung t\u00e2m sim 3G t\u1ed1c \u0111\u1ed9 cao, t\u0103ng 4gb m\u1ed7i th\u00e1ng cho b\u1ea1n&#8230;<\/p>\n<p style=\"text-align: center;\"><strong>otobienhoadongnai.com<\/strong><\/p>\n<p style=\"text-align: center;\">H\u1ed6 TR\u1ee2 MUA XE TR\u1ea2 G\u00d3P QUA NG\u00c2N H\u00c0NG V\u1edaI L\u00c3I SU\u1ea4T TH\u1ea4P NH\u1ea4T V\u00c0 NHI\u1ec0U \u01afU \u0110\u00c3I L\u1edaN, TH\u1ee6 T\u1ee4C \u0110\u01a0N GI\u1ea2N.<\/p>\n<p style=\"text-align: center;\"><strong>chuyenphattoancau.net<\/strong><\/p>\n<p style=\"text-align: center;\">C\u00d4NG TY TNHH D\u1ecaCH V\u1ee4 HT TO\u00c0N C\u1ea6U \u0111\u00e3 ho\u1ea1t \u0111\u1ed9ng trong l\u0129nh v\u1ef1c chuy\u1ec3n ph\u00e1t nhanh Qu\u1ed1c t\u1ebf , giao nh\u1eadn v\u1eadn t\u1ea3i.<\/p>\n<p style=\"text-align: center;\"><img src=\"http:\/\/congnghiep.thaibinhweb.net\/images\/banners\/2222222222.png\" alt=\"\" \/><\/p>\n<p style=\"text-align: center;\"><strong>congnghiep.thaibinhweb.net<\/strong><\/p>\n<p style=\"text-align: center;\">Si\u00eau th\u1ecb b\u00e1n h\u00e0ng thu h\u00fat kh\u00e1ch h\u00e0ng, b\u1eaft m\u1eaft&#8230;<\/p>\n<p style=\"text-align: center;\"><strong>dacsanchodam.com<\/strong><\/p>\n<p style=\"text-align: center;\">Website b\u00e1n \u0111\u1eb7c s\u1ea3n ch\u1ee3 d\u1ea7m, m\u1ef1c rim me,\u00a0\u0110\u1ea3m b\u1ea3o h\u00e0ng ch\u1ea5t l\u01b0\u1ee3ng, h\u1ee3p v\u1ec7 sinh<\/p>\n<p style=\"text-align: center;\"><img loading=\"lazy\" src=\"http:\/\/questekvietnam.vn\/images\/201666\/logo.png\" alt=\"QUESTEK Vi\u1ec7t Nam | Camera An Ninh | Camera quan s\u00e1t\" width=\"146\" height=\"44\" \/><\/p>\n<p style=\"text-align: center;\"><strong>Questekvietnam.vn<\/strong><\/p>\n<p style=\"text-align: center;\">Thi\u1ebft k\u1ebf web h\u00e3ng camera Questekvietnam &#8211; \u0110\u1ea9y 50-60 t\u1eeb kh\u00f3a camera l\u00ean top trang 1, trang 2 Google, t\u0103ng doanh thu v\u00e0 kh\u00e1ch h\u00e0ng.<\/p>\n<p style=\"text-align: center;\"><img loading=\"lazy\" src=\"http:\/\/bang.vn\/ezupload\/001\/notes\/2222-1365994157.jpg\" alt=\"\" width=\"174\" height=\"55\" \/><\/p>\n<p style=\"text-align: center;\"><strong>\u00a0Thegioianninh.com.vn<\/strong><\/p>\n<p style=\"text-align: center;\">\u0110\u1ea9y top 60-120 t\u1eeb kh\u00f3a v\u1ec1 camera b\u00e1n bu\u00f4n, camera b\u00e1n l\u1ebb l\u00ean trang 1 trang 2 google, web m\u1ea1nh nh\u1ea5t v\u1ec1 \u0111\u1ed9 t\u00ecm ki\u1ebfm c\u1ee7a kh\u00e1ch h\u00e0ng.<\/p>\n<p style=\"text-align: center;\"><img loading=\"lazy\" src=\"http:\/\/thaibinhweb.com\/images\/1111.jpg\" alt=\"\" width=\"93\" height=\"73\" \/><\/p>\n<p style=\"text-align: center;\"><strong>\u00a0Dochoimaugiao.net &#8211; dochoisaoviet.com- dochoisaoviet.vn<\/strong><\/p>\n<p style=\"text-align: center;\">Thi\u1ebft k\u1ebf web v\u00e0 \u0111\u1ea9y top 20-50 t\u1eeb kh\u00f3a l\u00ean top trang 1,2,3 Google, t\u0103ng doanh thu b\u00e1n h\u00e0ng v\u00e0 c\u00f4ng tr\u00ecnh l\u1eafp \u0111\u1eb7t.<\/p>\n<p style=\"text-align: center;\"><img loading=\"lazy\" src=\"http:\/\/ledrhino.com\/images\/banners\/logo\/66666666666.png\" alt=\"\" width=\"156\" height=\"41\" \/><\/p>\n<h1 style=\"text-align: center;\"><strong>\u00a0Ledrhino.com<\/strong><\/h1>\n<p style=\"text-align: center;\">C\u00f4ng ty tnhh \u0111\u00e8n led n\u0103ng l\u01b0\u1ee3ng \u0111i\u1ec7n quang &#8211; D\u1ecbch v\u1ee5 h\u00e0ng \u0111\u1ea7u v\u1ec1 \u0111\u00e8n led thi\u1ebft b\u1ecb \u0111i\u1ec7n th\u00f4ng minh<\/p>\n<h1 style=\"text-align: center;\">\u00a0Maycaphe.vn<\/h1>\n<p style=\"text-align: center;\">Chuy\u00ean h\u1ec7 th\u1ed1ng m\u00e1y c\u00e1c lo\u1ea1i v\u1ec1 ch\u1ebf bi\u1ebfn c\u00e0 ph\u00ea, c\u00f3 2 showroom l\u1edbn t\u1ea1i S\u00e0i G\u00f2n v\u00e0 H\u00e0 N\u1ed9i<\/p>\n<p style=\"text-align: center;\"><img loading=\"lazy\" src=\"http:\/\/tainghe365.com\/images\/banners\/logo\/LOGO-02.png\" alt=\"\" width=\"132\" height=\"50\" \/><\/p>\n<p style=\"text-align: center;\"><strong>Tainghe365.com<\/strong><\/p>\n<p style=\"text-align: center;\">TAINGHE365 UY T\u00cdN &#8211; T\u1eacN T\u00c2M Ch\u00fang t\u00f4i ch\u1ec9 b\u00e1n h\u00e0ng ch\u00ednh h\u00e3ng &#8211; Trang web b\u00e1n h\u00e0ng ch\u1ec9 3 th\u00e1ng m\u00e0 30-50 t\u1eeb kh\u00f3a \u0111\u00e3 l\u00ean TOP \u0111\u1ea7u Google<\/p>\n<p style=\"text-align: center;\"><img loading=\"lazy\" src=\"http:\/\/guitarquangninh.com\/images\/banners\/logo.jpg\" alt=\"\" width=\"142\" height=\"33\" \/><\/p>\n<p style=\"text-align: center;\">+\u00a0guitarquangninh.com<\/p>\n<p style=\"text-align: center;\">Profesional Guitars Store &#8211; D\u00e0nh cho nh\u1eefng b\u1ea1n tr\u1ebb y\u00eau th\u00edch b\u1ed9 m\u00f4n guitar, web r\u1ea5t \u0111\u1eb9p v\u00e0 nh\u1eb9 nh\u00e0ng, c\u00e2u l\u1ea1c b\u1ed9 l\u1edbn H\u1ea3i Ph\u00f2ng<\/p>\n<p style=\"text-align: center;\"><strong>Hanoismart.com<\/strong><\/p>\n<p style=\"text-align: center;\">HANOISMART.COM H\u1ec7 th\u1ed1ng ph\u00e2n ph\u1ed1i \u0111\u1ed3 ch\u01a1i c\u00f4ng ngh\u1ec7.<\/p>\n<p style=\"text-align: center;\"><strong>Dungculamsach.vn<\/strong><\/p>\n<p style=\"text-align: center;\">C\u00d4NG TY CP KH\u00d4NG GIAN XANH<\/p>\n<p style=\"text-align: center;\"><img loading=\"lazy\" src=\"http:\/\/manhtrehanoi.com\/images\/banners\/12.jpg\" alt=\"\" width=\"175\" height=\"52\" \/><\/p>\n<p style=\"text-align: center;\"><strong>manhtrehanoi.com<\/strong><\/p>\n<p style=\"text-align: center;\"><strong>Hion.vn<\/strong><\/p>\n<p style=\"text-align: center;\">THE HION BEAUTY The Hion Beauty &#8211; Chuy\u00ean m\u1ef9 ph\u1ea9m x\u00e1ch tay<\/p>\n<p style=\"text-align: center;\"><strong>mekhoaitayshop.com<\/strong><\/p>\n<p style=\"text-align: center;\">SI\u00caU TH\u1eca H\u00c0NG NH\u1eacT M\u1eb8 KHOAI T\u00c2Y Chuy\u00ean h\u00e0ng Nh\u1eadt x\u00e1ch tay<\/p>\n<p style=\"text-align: center;\"><strong>+\u00a0Nhunganhmobile.vn<\/strong><\/p>\n<p style=\"text-align: center;\">Qu\u1ea3ng b\u00e1 th\u01b0\u01a1ng hi\u1ec7u c\u1eeda h\u00e0ng \u0111i\u1ec7n tho\u1ea1i &#8211; Marketing Online, qu\u1ea3ng c\u00e1o Facebook gi\u00fap t\u0103ng doanh thu v\u00e0 m\u1edf r\u1ed9ng th\u01b0\u01a1ng hi\u1ec7u to\u00e0n qu\u1ed1c.<\/p>\n<p style=\"text-align: center;\"><strong>+ Phuclamgiatruyen.com<\/strong><\/p>\n<p style=\"text-align: center;\">Thi\u1ebft k\u1ebf website v\u00e0 qu\u1ea3ng b\u00e1 marketing Facebook th\u01b0\u01a1ng hi\u1ec7u cho nh\u00e0 thu\u1ed1c v\u00e0 t\u0103ng doanh thu b\u00e1n h\u00e0ng tr\u00ean m\u1ea1ng facebook.<\/p>\n<p style=\"text-align: center;\"><img loading=\"lazy\" src=\"http:\/\/thaibinhweb.com\/images\/banners\/logo-footer.png\" alt=\"\" width=\"153\" height=\"72\" \/><\/p>\n<p style=\"text-align: center;\"><strong>+ Diamondlotussaigon.com<\/strong><\/p>\n<p style=\"text-align: center;\">Thi\u1ebft k\u1ebf website v\u00e0 qu\u1ea3ng b\u00e1 marketing Facebook th\u01b0\u01a1ng hi\u1ec7u cho d\u1ef1 \u00e1n b\u1ea5t \u0111\u1ed9ng s\u1ea3n, t\u01b0 v\u1ea5n \u0111\u1ea9y top t\u1eeb kh\u00f3a l\u00ean Google<\/p>\n<p style=\"text-align: center;\"><img loading=\"lazy\" src=\"http:\/\/www.nhomdinhhinh.vn\/images\/in_logo.gif\" alt=\"\" width=\"200\" height=\"60\" \/><\/p>\n<p style=\"text-align: center;\"><strong>+\u00a0Nguonsangviet.net &#8211;\u00a0babytuti.net<\/strong><\/p>\n<p style=\"text-align: center;\">Thi\u1ebft k\u1ebf website v\u00e0 qu\u1ea3ng b\u00e1 marketing Facebook th\u01b0\u01a1ng hi\u1ec7u cho shop, t\u01b0 v\u1ea5n \u0111\u1ea9y top t\u1eeb kh\u00f3a l\u00ean Google.<\/p>\n<p><img loading=\"lazy\" src=\"http:\/\/thaibinhweb.com\/images\/com_jm_video_galleries\/232323.png\" alt=\"\" width=\"919\" height=\"443\" \/><\/p>\n<p>&nbsp;<\/p>\n<\/div>\n<\/div>\n","protected":false},"excerpt":{"rendered":"","protected":false},"author":1,"featured_media":11,"parent":0,"menu_order":0,"comment_status":"closed","ping_status":"closed","template":"page-right-sidebar.php","meta":[],"_links":{"self":[{"href":"https:\/\/demo.tamnguyen.vn\/xaydung\/wp-json\/wp\/v2\/pages\/28"}],"collection":[{"href":"https:\/\/demo.tamnguyen.vn\/xaydung\/wp-json\/wp\/v2\/pages"}],"about":[{"href":"https:\/\/demo.tamnguyen.vn\/xaydung\/wp-json\/wp\/v2\/types\/page"}],"author":[{"embeddable":true,"href":"https:\/\/demo.tamnguyen.vn\/xaydung\/wp-json\/wp\/v2\/users\/1"}],"replies":[{"embeddable":true,"href":"https:\/\/demo.tamnguyen.vn\/xaydung\/wp-json\/wp\/v2\/comments?post=28"}],"version-history":[{"count":10,"href":"https:\/\/demo.tamnguyen.vn\/xaydung\/wp-json\/wp\/v2\/pages\/28\/revisions"}],"predecessor-version":[{"id":929,"href":"https:\/\/demo.tamnguyen.vn\/xaydung\/wp-json\/wp\/v2\/pages\/28\/revisions\/929"}],"wp:featuredmedia":[{"embeddable":true,"href":"https:\/\/demo.tamnguyen.vn\/xaydung\/wp-json\/wp\/v2\/media\/11"}],"wp:attachment":[{"href":"https:\/\/demo.tamnguyen.vn\/xaydung\/wp-json\/wp\/v2\/media?parent=28"}],"curies":[{"name":"wp","href":"https:\/\/api.w.org\/{rel}","templated":true}]}}