{"id":634,"date":"2018-05-25T23:45:51","date_gmt":"2018-05-25T16:45:51","guid":{"rendered":"https:\/\/demo.tamnguyen.vn\/xkld2\/?page_id=634"},"modified":"2018-05-26T01:24:50","modified_gmt":"2018-05-25T18:24:50","slug":"tuyen-ky-su-co-khi","status":"publish","type":"page","link":"https:\/\/demo.tamnguyen.vn\/xkld2\/tuyen-dung\/tuyen-ky-su-co-khi\/","title":{"rendered":"Tuy\u1ec3n k\u1ef9 s\u01b0 c\u01a1 kh\u00ed"},"content":{"rendered":"\n  \n    <div class=\"row large-columns-1 medium-columns-1 small-columns-1\">\n  \t\t<div class=\"col post-item\" >\n\t\t\t<div class=\"col-inner\">\n\t\t\t<a href=\"https:\/\/demo.tamnguyen.vn\/xkld2\/top-5-cong-ty-xkld-nhat-ban-uy-tin-tai-tp-ho-chi-minh\/\" class=\"plain\">\n\t\t\t\t<div class=\"box box-vertical box-text-bottom box-blog-post has-hover\">\n            \t\t\t\t\t<div class=\"box-image\" style=\"width:43%;\">\n  \t\t\t\t\t\t<div class=\"image-cover\" style=\"padding-top:89%;\">\n  \t\t\t\t\t\t\t<img width=\"300\" height=\"191\" src=\"https:\/\/demo.tamnguyen.vn\/xkld2\/wp-content\/uploads\/2018\/05\/post7-300x191.jpg\" class=\"attachment-medium size-medium wp-post-image\" alt=\"\" decoding=\"async\" loading=\"lazy\" srcset=\"https:\/\/demo.tamnguyen.vn\/xkld2\/wp-content\/uploads\/2018\/05\/post7-300x191.jpg 300w, https:\/\/demo.tamnguyen.vn\/xkld2\/wp-content\/uploads\/2018\/05\/post7.jpg 400w\" sizes=\"(max-width: 300px) 100vw, 300px\" \/>  \t\t\t\t\t\t\t  \t\t\t\t\t\t\t  \t\t\t\t\t\t<\/div>\n  \t\t\t\t\t\t  \t\t\t\t\t<\/div><!-- .box-image -->\n          \t\t\t\t\t<div class=\"box-text text-center\" >\n\t\t\t\t\t<div class=\"box-text-inner blog-post-inner\">\n\n\t\t\t\t\t\n\t\t\t\t\t\t\t\t\t\t<h5 class=\"post-title is-large \">Top 5 c\u00f4ng ty XKL\u0110 Nh\u1eadt B\u1ea3n uy t\u00edn t\u1ea1i TP. H\u1ed3 Ch\u00ed Minh<\/h5>\n\t\t\t\t\t\t\t\t\t\t<div class=\"is-divider\"><\/div>\n\t\t\t\t\t\t\t\t\t\t<p class=\"from_the_blog_excerpt \">C\u00f4ng ty xu\u1ea5t kh\u1ea9u lao \u0111\u1ed9ng Nh\u1eadt B\u1ea3n t\u1ea1i TPHCM 2018 Th\u1ea5y d\u1ea1o n\u00e0y th\u00e0nh [...]\t\t\t\t\t<\/p>\n\t\t\t\t\t                    \n\t\t\t\t\t\n\t\t\t\t\t\n\t\t\t\t\t<\/div><!-- .box-text-inner -->\n\t\t\t\t\t<\/div><!-- .box-text -->\n\t\t\t\t\t\t\t\t\t\t\t\t\t\t\t\t<div class=\"badge absolute top post-date badge-square\">\n\t\t\t\t\t\t\t<div class=\"badge-inner\">\n\t\t\t\t\t\t\t\t<span class=\"post-date-day\">18<\/span><br>\n\t\t\t\t\t\t\t\t<span class=\"post-date-month is-xsmall\">Th5<\/span>\n\t\t\t\t\t\t\t<\/div>\n\t\t\t\t\t\t<\/div>\n\t\t\t\t\t\t\t\t\t<\/div><!-- .box -->\n\t\t\t\t<\/a><!-- .link -->\n\t\t\t<\/div><!-- .col-inner -->\n\t\t<\/div><!-- .col -->\n\t\t<div class=\"col post-item\" >\n\t\t\t<div class=\"col-inner\">\n\t\t\t<a href=\"https:\/\/demo.tamnguyen.vn\/xkld2\/dieu-kien-di-xuat-khau-lao-dong-tai-nhat-ban-moi-nhat-2018\/\" class=\"plain\">\n\t\t\t\t<div class=\"box box-vertical box-text-bottom box-blog-post has-hover\">\n            \t\t\t\t\t<div class=\"box-image\" style=\"width:43%;\">\n  \t\t\t\t\t\t<div class=\"image-cover\" style=\"padding-top:89%;\">\n  \t\t\t\t\t\t\t<img width=\"300\" height=\"198\" src=\"https:\/\/demo.tamnguyen.vn\/xkld2\/wp-content\/uploads\/2018\/05\/duc-nhua-lao-dong-nhat-ban3-300x198.jpg\" class=\"attachment-medium size-medium wp-post-image\" alt=\"\" decoding=\"async\" loading=\"lazy\" srcset=\"https:\/\/demo.tamnguyen.vn\/xkld2\/wp-content\/uploads\/2018\/05\/duc-nhua-lao-dong-nhat-ban3-300x198.jpg 300w, https:\/\/demo.tamnguyen.vn\/xkld2\/wp-content\/uploads\/2018\/05\/duc-nhua-lao-dong-nhat-ban3.jpg 480w\" sizes=\"(max-width: 300px) 100vw, 300px\" \/>  \t\t\t\t\t\t\t  \t\t\t\t\t\t\t  \t\t\t\t\t\t<\/div>\n  \t\t\t\t\t\t  \t\t\t\t\t<\/div><!-- .box-image -->\n          \t\t\t\t\t<div class=\"box-text text-center\" >\n\t\t\t\t\t<div class=\"box-text-inner blog-post-inner\">\n\n\t\t\t\t\t\n\t\t\t\t\t\t\t\t\t\t<h5 class=\"post-title is-large \">\u0110i\u1ec1u ki\u1ec7n \u0111i xu\u1ea5t kh\u1ea9u lao \u0111\u1ed9ng t\u1ea1i Nh\u1eadt B\u1ea3n m\u1edbi nh\u1ea5t 2018<\/h5>\n\t\t\t\t\t\t\t\t\t\t<div class=\"is-divider\"><\/div>\n\t\t\t\t\t\t\t\t\t\t<p class=\"from_the_blog_excerpt \">\u0110i\u1ec1u ki\u1ec7n \u0111\u1ec3 \u0111i xu\u1ea5t kh\u1ea9u lao \u0111\u1ed9ng Nh\u1eadt B\u1ea3n r\u1ea5t quan tr\u1ecdng, ch\u00fang t\u00f4i [...]\t\t\t\t\t<\/p>\n\t\t\t\t\t                    \n\t\t\t\t\t\n\t\t\t\t\t\n\t\t\t\t\t<\/div><!-- .box-text-inner -->\n\t\t\t\t\t<\/div><!-- .box-text -->\n\t\t\t\t\t\t\t\t\t\t\t\t\t\t\t\t<div class=\"badge absolute top post-date badge-square\">\n\t\t\t\t\t\t\t<div class=\"badge-inner\">\n\t\t\t\t\t\t\t\t<span class=\"post-date-day\">18<\/span><br>\n\t\t\t\t\t\t\t\t<span class=\"post-date-month is-xsmall\">Th5<\/span>\n\t\t\t\t\t\t\t<\/div>\n\t\t\t\t\t\t<\/div>\n\t\t\t\t\t\t\t\t\t<\/div><!-- .box -->\n\t\t\t\t<\/a><!-- .link -->\n\t\t\t<\/div><!-- .col-inner -->\n\t\t<\/div><!-- .col -->\n\t\t<div class=\"col post-item\" >\n\t\t\t<div class=\"col-inner\">\n\t\t\t<a href=\"https:\/\/demo.tamnguyen.vn\/xkld2\/thu-tuc-ho-so-xuat-khau-lao-dong-sang-nhat-ban\/\" class=\"plain\">\n\t\t\t\t<div class=\"box box-vertical box-text-bottom box-blog-post has-hover\">\n            \t\t\t\t\t<div class=\"box-image\" style=\"width:43%;\">\n  \t\t\t\t\t\t<div class=\"image-cover\" style=\"padding-top:89%;\">\n  \t\t\t\t\t\t\t<img width=\"300\" height=\"225\" src=\"https:\/\/demo.tamnguyen.vn\/xkld2\/wp-content\/uploads\/2018\/05\/posst5-300x225.jpg\" class=\"attachment-medium size-medium wp-post-image\" alt=\"\" decoding=\"async\" loading=\"lazy\" srcset=\"https:\/\/demo.tamnguyen.vn\/xkld2\/wp-content\/uploads\/2018\/05\/posst5-300x225.jpg 300w, https:\/\/demo.tamnguyen.vn\/xkld2\/wp-content\/uploads\/2018\/05\/posst5.jpg 400w\" sizes=\"(max-width: 300px) 100vw, 300px\" \/>  \t\t\t\t\t\t\t  \t\t\t\t\t\t\t  \t\t\t\t\t\t<\/div>\n  \t\t\t\t\t\t  \t\t\t\t\t<\/div><!-- .box-image -->\n          \t\t\t\t\t<div class=\"box-text text-center\" >\n\t\t\t\t\t<div class=\"box-text-inner blog-post-inner\">\n\n\t\t\t\t\t\n\t\t\t\t\t\t\t\t\t\t<h5 class=\"post-title is-large \">Th\u1ee7 t\u1ee5c h\u1ed3 s\u01a1 xu\u1ea5t kh\u1ea9u lao \u0111\u1ed9ng sang Nh\u1eadt B\u1ea3n<\/h5>\n\t\t\t\t\t\t\t\t\t\t<div class=\"is-divider\"><\/div>\n\t\t\t\t\t\t\t\t\t\t<p class=\"from_the_blog_excerpt \">Trong c\u00e1c b\u00e0i tr\u01b0\u1edbc \u0111\u00e3 gi\u1edbi thi\u1ebfu v\u1edbi c\u00e1c b\u1ea1n v\u1ec1 \u0111i\u1ec1u ki\u1ec7n c\u0169ng nh\u01b0 [...]\t\t\t\t\t<\/p>\n\t\t\t\t\t                    \n\t\t\t\t\t\n\t\t\t\t\t\n\t\t\t\t\t<\/div><!-- .box-text-inner -->\n\t\t\t\t\t<\/div><!-- .box-text -->\n\t\t\t\t\t\t\t\t\t\t\t\t\t\t\t\t<div class=\"badge absolute top post-date badge-square\">\n\t\t\t\t\t\t\t<div class=\"badge-inner\">\n\t\t\t\t\t\t\t\t<span class=\"post-date-day\">18<\/span><br>\n\t\t\t\t\t\t\t\t<span class=\"post-date-month is-xsmall\">Th5<\/span>\n\t\t\t\t\t\t\t<\/div>\n\t\t\t\t\t\t<\/div>\n\t\t\t\t\t\t\t\t\t<\/div><!-- .box -->\n\t\t\t\t<\/a><!-- .link -->\n\t\t\t<\/div><!-- .col-inner -->\n\t\t<\/div><!-- .col -->\n\t\t<div class=\"col post-item\" >\n\t\t\t<div class=\"col-inner\">\n\t\t\t<a href=\"https:\/\/demo.tamnguyen.vn\/xkld2\/nghe-thuc-tap-sinh-dang-o-nhat-khuyen-lao-dong-trong-nuoc\/\" class=\"plain\">\n\t\t\t\t<div class=\"box box-vertical box-text-bottom box-blog-post has-hover\">\n            \t\t\t\t\t<div class=\"box-image\" style=\"width:43%;\">\n  \t\t\t\t\t\t<div class=\"image-cover\" style=\"padding-top:89%;\">\n  \t\t\t\t\t\t\t<img width=\"300\" height=\"188\" src=\"https:\/\/demo.tamnguyen.vn\/xkld2\/wp-content\/uploads\/2018\/05\/xuat-khau-lao-dong-nhat-ban-xay-dung-300x188.jpg\" class=\"attachment-medium size-medium wp-post-image\" alt=\"\" decoding=\"async\" loading=\"lazy\" srcset=\"https:\/\/demo.tamnguyen.vn\/xkld2\/wp-content\/uploads\/2018\/05\/xuat-khau-lao-dong-nhat-ban-xay-dung-300x188.jpg 300w, https:\/\/demo.tamnguyen.vn\/xkld2\/wp-content\/uploads\/2018\/05\/xuat-khau-lao-dong-nhat-ban-xay-dung.jpg 415w\" sizes=\"(max-width: 300px) 100vw, 300px\" \/>  \t\t\t\t\t\t\t  \t\t\t\t\t\t\t  \t\t\t\t\t\t<\/div>\n  \t\t\t\t\t\t  \t\t\t\t\t<\/div><!-- .box-image -->\n          \t\t\t\t\t<div class=\"box-text text-center\" >\n\t\t\t\t\t<div class=\"box-text-inner blog-post-inner\">\n\n\t\t\t\t\t\n\t\t\t\t\t\t\t\t\t\t<h5 class=\"post-title is-large \">Nghe th\u1ef1c t\u1eadp sinh \u0111ang \u1edf Nh\u1eadt khuy\u00ean lao \u0111\u1ed9ng trong n\u01b0\u1edbc<\/h5>\n\t\t\t\t\t\t\t\t\t\t<div class=\"is-divider\"><\/div>\n\t\t\t\t\t\t\t\t\t\t<p class=\"from_the_blog_excerpt \">Nghe l\u1eddi khuy\u00ean c\u1ee7a nh\u1eefng th\u1ef1c t\u1eadp sinh \u0111ang tr\u1ef1c ti\u1ebfp l\u00e0m vi\u1ec7c \u1edf Nh\u1eadt [...]\t\t\t\t\t<\/p>\n\t\t\t\t\t                    \n\t\t\t\t\t\n\t\t\t\t\t\n\t\t\t\t\t<\/div><!-- .box-text-inner -->\n\t\t\t\t\t<\/div><!-- .box-text -->\n\t\t\t\t\t\t\t\t\t\t\t\t\t\t\t\t<div class=\"badge absolute top post-date badge-square\">\n\t\t\t\t\t\t\t<div class=\"badge-inner\">\n\t\t\t\t\t\t\t\t<span class=\"post-date-day\">18<\/span><br>\n\t\t\t\t\t\t\t\t<span class=\"post-date-month is-xsmall\">Th5<\/span>\n\t\t\t\t\t\t\t<\/div>\n\t\t\t\t\t\t<\/div>\n\t\t\t\t\t\t\t\t\t<\/div><!-- .box -->\n\t\t\t\t<\/a><!-- .link -->\n\t\t\t<\/div><!-- .col-inner -->\n\t\t<\/div><!-- .col -->\n\t\t<div class=\"col post-item\" >\n\t\t\t<div class=\"col-inner\">\n\t\t\t<a href=\"https:\/\/demo.tamnguyen.vn\/xkld2\/quy-trinh-di-xuat-khau-lao-dong-nhat-ban-chuan\/\" class=\"plain\">\n\t\t\t\t<div class=\"box box-vertical box-text-bottom box-blog-post has-hover\">\n            \t\t\t\t\t<div class=\"box-image\" style=\"width:43%;\">\n  \t\t\t\t\t\t<div class=\"image-cover\" style=\"padding-top:89%;\">\n  \t\t\t\t\t\t\t<img width=\"300\" height=\"225\" src=\"https:\/\/demo.tamnguyen.vn\/xkld2\/wp-content\/uploads\/2018\/05\/post12-300x225.jpg\" class=\"attachment-medium size-medium wp-post-image\" alt=\"\" decoding=\"async\" loading=\"lazy\" srcset=\"https:\/\/demo.tamnguyen.vn\/xkld2\/wp-content\/uploads\/2018\/05\/post12-300x225.jpg 300w, https:\/\/demo.tamnguyen.vn\/xkld2\/wp-content\/uploads\/2018\/05\/post12.jpg 400w\" sizes=\"(max-width: 300px) 100vw, 300px\" \/>  \t\t\t\t\t\t\t  \t\t\t\t\t\t\t  \t\t\t\t\t\t<\/div>\n  \t\t\t\t\t\t  \t\t\t\t\t<\/div><!-- .box-image -->\n          \t\t\t\t\t<div class=\"box-text text-center\" >\n\t\t\t\t\t<div class=\"box-text-inner blog-post-inner\">\n\n\t\t\t\t\t\n\t\t\t\t\t\t\t\t\t\t<h5 class=\"post-title is-large \">Quy tr\u00ecnh \u0111i xu\u1ea5t kh\u1ea9u lao \u0111\u1ed9ng Nh\u1eadt B\u1ea3n \u2013 Chu\u1ea9n<\/h5>\n\t\t\t\t\t\t\t\t\t\t<div class=\"is-divider\"><\/div>\n\t\t\t\t\t\t\t\t\t\t<p class=\"from_the_blog_excerpt \">Trong th\u1eddi gian qua, \u0111\u00e3 c\u00f3 nhi\u1ec1u b\u1ea1n \u0111\u00e3 li\u00ean t\u1ee5c g\u1ecdi \u0111i\u1ec7n t\u1edbi c\u00f4ng [...]\t\t\t\t\t<\/p>\n\t\t\t\t\t                    \n\t\t\t\t\t\n\t\t\t\t\t\n\t\t\t\t\t<\/div><!-- .box-text-inner -->\n\t\t\t\t\t<\/div><!-- .box-text -->\n\t\t\t\t\t\t\t\t\t\t\t\t\t\t\t\t<div class=\"badge absolute top post-date badge-square\">\n\t\t\t\t\t\t\t<div class=\"badge-inner\">\n\t\t\t\t\t\t\t\t<span class=\"post-date-day\">18<\/span><br>\n\t\t\t\t\t\t\t\t<span class=\"post-date-month is-xsmall\">Th5<\/span>\n\t\t\t\t\t\t\t<\/div>\n\t\t\t\t\t\t<\/div>\n\t\t\t\t\t\t\t\t\t<\/div><!-- .box -->\n\t\t\t\t<\/a><!-- .link -->\n\t\t\t<\/div><!-- .col-inner -->\n\t\t<\/div><!-- .col -->\n\t\t<div class=\"col post-item\" >\n\t\t\t<div class=\"col-inner\">\n\t\t\t<a href=\"https:\/\/demo.tamnguyen.vn\/xkld2\/muc-luong-xuat-khau-lao-dong-di-nhat-ban-hien-nay-bao-nhieu\/\" class=\"plain\">\n\t\t\t\t<div class=\"box box-vertical box-text-bottom box-blog-post has-hover\">\n            \t\t\t\t\t<div class=\"box-image\" style=\"width:43%;\">\n  \t\t\t\t\t\t<div class=\"image-cover\" style=\"padding-top:89%;\">\n  \t\t\t\t\t\t\t<img width=\"300\" height=\"176\" src=\"https:\/\/demo.tamnguyen.vn\/xkld2\/wp-content\/uploads\/2018\/05\/tha-mac-1-300x176.jpg\" class=\"attachment-medium size-medium wp-post-image\" alt=\"\" decoding=\"async\" loading=\"lazy\" srcset=\"https:\/\/demo.tamnguyen.vn\/xkld2\/wp-content\/uploads\/2018\/05\/tha-mac-1-300x176.jpg 300w, https:\/\/demo.tamnguyen.vn\/xkld2\/wp-content\/uploads\/2018\/05\/tha-mac-1.jpg 400w\" sizes=\"(max-width: 300px) 100vw, 300px\" \/>  \t\t\t\t\t\t\t  \t\t\t\t\t\t\t  \t\t\t\t\t\t<\/div>\n  \t\t\t\t\t\t  \t\t\t\t\t<\/div><!-- .box-image -->\n          \t\t\t\t\t<div class=\"box-text text-center\" >\n\t\t\t\t\t<div class=\"box-text-inner blog-post-inner\">\n\n\t\t\t\t\t\n\t\t\t\t\t\t\t\t\t\t<h5 class=\"post-title is-large \">M\u1ee9c l\u01b0\u01a1ng xu\u1ea5t kh\u1ea9u lao \u0111\u1ed9ng \u0111i Nh\u1eadt B\u1ea3n hi\u1ec7n nay bao nhi\u00eau?<\/h5>\n\t\t\t\t\t\t\t\t\t\t<div class=\"is-divider\"><\/div>\n\t\t\t\t\t\t\t\t\t\t<p class=\"from_the_blog_excerpt \">m\u1ee9c l\u01b0\u01a1ng xu\u1ea5t kh\u1ea9u lao \u0111\u1ed9ng nh\u1eadt b\u1ea3n l\u01b0\u01a1ng bao nhi\u00eau ph\u1ee5 thu\u1ed9c v\u00e0o nhi\u1ec1u [...]\t\t\t\t\t<\/p>\n\t\t\t\t\t                    \n\t\t\t\t\t\n\t\t\t\t\t\n\t\t\t\t\t<\/div><!-- .box-text-inner -->\n\t\t\t\t\t<\/div><!-- .box-text -->\n\t\t\t\t\t\t\t\t\t\t\t\t\t\t\t\t<div class=\"badge absolute top post-date badge-square\">\n\t\t\t\t\t\t\t<div class=\"badge-inner\">\n\t\t\t\t\t\t\t\t<span class=\"post-date-day\">18<\/span><br>\n\t\t\t\t\t\t\t\t<span class=\"post-date-month is-xsmall\">Th5<\/span>\n\t\t\t\t\t\t\t<\/div>\n\t\t\t\t\t\t<\/div>\n\t\t\t\t\t\t\t\t\t<\/div><!-- .box -->\n\t\t\t\t<\/a><!-- .link -->\n\t\t\t<\/div><!-- .col-inner -->\n\t\t<\/div><!-- .col -->\n\t\t<div class=\"col post-item\" >\n\t\t\t<div class=\"col-inner\">\n\t\t\t<a href=\"https:\/\/demo.tamnguyen.vn\/xkld2\/tuyen-18-nam-co-kinh-nghiem-han-xi-di-nhat-ban\/\" class=\"plain\">\n\t\t\t\t<div class=\"box box-vertical box-text-bottom box-blog-post has-hover\">\n            \t\t\t\t\t<div class=\"box-image\" style=\"width:43%;\">\n  \t\t\t\t\t\t<div class=\"image-cover\" style=\"padding-top:89%;\">\n  \t\t\t\t\t\t\t<img width=\"300\" height=\"197\" src=\"https:\/\/demo.tamnguyen.vn\/xkld2\/wp-content\/uploads\/2018\/05\/post9-300x197.jpg\" class=\"attachment-medium size-medium wp-post-image\" alt=\"\" decoding=\"async\" loading=\"lazy\" srcset=\"https:\/\/demo.tamnguyen.vn\/xkld2\/wp-content\/uploads\/2018\/05\/post9-300x197.jpg 300w, https:\/\/demo.tamnguyen.vn\/xkld2\/wp-content\/uploads\/2018\/05\/post9.jpg 400w\" sizes=\"(max-width: 300px) 100vw, 300px\" \/>  \t\t\t\t\t\t\t  \t\t\t\t\t\t\t  \t\t\t\t\t\t<\/div>\n  \t\t\t\t\t\t  \t\t\t\t\t<\/div><!-- .box-image -->\n          \t\t\t\t\t<div class=\"box-text text-center\" >\n\t\t\t\t\t<div class=\"box-text-inner blog-post-inner\">\n\n\t\t\t\t\t\n\t\t\t\t\t\t\t\t\t\t<h5 class=\"post-title is-large \">Tuy\u1ec3n 18 nam c\u00f3 kinh nghi\u1ec7m h\u00e0n x\u00ec \u0111i Nh\u1eadt B\u1ea3n<\/h5>\n\t\t\t\t\t\t\t\t\t\t<div class=\"is-divider\"><\/div>\n\t\t\t\t\t\t\t\t\t\t<p class=\"from_the_blog_excerpt \">Nh\u01b0 \u0111\u00e3 h\u1ee9a, ch\u01b0\u01a1ng tr\u00ecnh lao \u0111\u1ed9ng ph\u1ed5 th\u00f4ng l\u00e0m c\u01a1 kh\u00ed\u00a0\u0111i Nh\u1eadt B\u1ea3n s\u1ebd [...]\t\t\t\t\t<\/p>\n\t\t\t\t\t                    \n\t\t\t\t\t\n\t\t\t\t\t\n\t\t\t\t\t<\/div><!-- .box-text-inner -->\n\t\t\t\t\t<\/div><!-- .box-text -->\n\t\t\t\t\t\t\t\t\t\t\t\t\t\t\t\t<div class=\"badge absolute top post-date badge-square\">\n\t\t\t\t\t\t\t<div class=\"badge-inner\">\n\t\t\t\t\t\t\t\t<span class=\"post-date-day\">18<\/span><br>\n\t\t\t\t\t\t\t\t<span class=\"post-date-month is-xsmall\">Th5<\/span>\n\t\t\t\t\t\t\t<\/div>\n\t\t\t\t\t\t<\/div>\n\t\t\t\t\t\t\t\t\t<\/div><!-- .box -->\n\t\t\t\t<\/a><!-- .link -->\n\t\t\t<\/div><!-- .col-inner -->\n\t\t<\/div><!-- .col -->\n\t\t<div class=\"col post-item\" >\n\t\t\t<div class=\"col-inner\">\n\t\t\t<a href=\"https:\/\/demo.tamnguyen.vn\/xkld2\/tuyen-15-nu-lam-may-mac-o-osaka-luong-hap-dan\/\" class=\"plain\">\n\t\t\t\t<div class=\"box box-vertical box-text-bottom box-blog-post has-hover\">\n            \t\t\t\t\t<div class=\"box-image\" style=\"width:43%;\">\n  \t\t\t\t\t\t<div class=\"image-cover\" style=\"padding-top:89%;\">\n  \t\t\t\t\t\t\t<img width=\"300\" height=\"197\" src=\"https:\/\/demo.tamnguyen.vn\/xkld2\/wp-content\/uploads\/2018\/05\/post8-1-300x197.jpg\" class=\"attachment-medium size-medium wp-post-image\" alt=\"\" decoding=\"async\" loading=\"lazy\" srcset=\"https:\/\/demo.tamnguyen.vn\/xkld2\/wp-content\/uploads\/2018\/05\/post8-1-300x197.jpg 300w, https:\/\/demo.tamnguyen.vn\/xkld2\/wp-content\/uploads\/2018\/05\/post8-1.jpg 400w\" sizes=\"(max-width: 300px) 100vw, 300px\" \/>  \t\t\t\t\t\t\t  \t\t\t\t\t\t\t  \t\t\t\t\t\t<\/div>\n  \t\t\t\t\t\t  \t\t\t\t\t<\/div><!-- .box-image -->\n          \t\t\t\t\t<div class=\"box-text text-center\" >\n\t\t\t\t\t<div class=\"box-text-inner blog-post-inner\">\n\n\t\t\t\t\t\n\t\t\t\t\t\t\t\t\t\t<h5 class=\"post-title is-large \">Tuy\u1ec3n 15 n\u1eef l\u00e0m may m\u1eb7c \u1edf Osaka l\u01b0\u01a1ng h\u1ea5p d\u1eabn<\/h5>\n\t\t\t\t\t\t\t\t\t\t<div class=\"is-divider\"><\/div>\n\t\t\t\t\t\t\t\t\t\t<p class=\"from_the_blog_excerpt \">V\u1edbi nghi\u1ec7p \u0111o\u00e0n truy\u1ec1n th\u1ed1ng, ch\u00fang t\u00f4i \u0111ang c\u00f3 c\u01a1 ch\u1ebf h\u1ee3p t\u00e1c v\u1edbi ng\u00e2n [...]\t\t\t\t\t<\/p>\n\t\t\t\t\t                    \n\t\t\t\t\t\n\t\t\t\t\t\n\t\t\t\t\t<\/div><!-- .box-text-inner -->\n\t\t\t\t\t<\/div><!-- .box-text -->\n\t\t\t\t\t\t\t\t\t\t\t\t\t\t\t\t<div class=\"badge absolute top post-date badge-square\">\n\t\t\t\t\t\t\t<div class=\"badge-inner\">\n\t\t\t\t\t\t\t\t<span class=\"post-date-day\">18<\/span><br>\n\t\t\t\t\t\t\t\t<span class=\"post-date-month is-xsmall\">Th5<\/span>\n\t\t\t\t\t\t\t<\/div>\n\t\t\t\t\t\t<\/div>\n\t\t\t\t\t\t\t\t\t<\/div><!-- .box -->\n\t\t\t\t<\/a><!-- .link -->\n\t\t\t<\/div><!-- .col-inner -->\n\t\t<\/div><!-- .col -->\n<\/div>\n","protected":false},"excerpt":{"rendered":"","protected":false},"author":1,"featured_media":635,"parent":629,"menu_order":0,"comment_status":"closed","ping_status":"closed","template":"page-right-sidebar.php","meta":[],"_links":{"self":[{"href":"https:\/\/demo.tamnguyen.vn\/xkld2\/wp-json\/wp\/v2\/pages\/634"}],"collection":[{"href":"https:\/\/demo.tamnguyen.vn\/xkld2\/wp-json\/wp\/v2\/pages"}],"about":[{"href":"https:\/\/demo.tamnguyen.vn\/xkld2\/wp-json\/wp\/v2\/types\/page"}],"author":[{"embeddable":true,"href":"https:\/\/demo.tamnguyen.vn\/xkld2\/wp-json\/wp\/v2\/users\/1"}],"replies":[{"embeddable":true,"href":"https:\/\/demo.tamnguyen.vn\/xkld2\/wp-json\/wp\/v2\/comments?post=634"}],"version-history":[{"count":2,"href":"https:\/\/demo.tamnguyen.vn\/xkld2\/wp-json\/wp\/v2\/pages\/634\/revisions"}],"predecessor-version":[{"id":781,"href":"https:\/\/demo.tamnguyen.vn\/xkld2\/wp-json\/wp\/v2\/pages\/634\/revisions\/781"}],"up":[{"embeddable":true,"href":"https:\/\/demo.tamnguyen.vn\/xkld2\/wp-json\/wp\/v2\/pages\/629"}],"wp:featuredmedia":[{"embeddable":true,"href":"https:\/\/demo.tamnguyen.vn\/xkld2\/wp-json\/wp\/v2\/media\/635"}],"wp:attachment":[{"href":"https:\/\/demo.tamnguyen.vn\/xkld2\/wp-json\/wp\/v2\/media?parent=634"}],"curies":[{"name":"wp","href":"https:\/\/api.w.org\/{rel}","templated":true}]}}